{"id":75,"date":"2023-03-01T13:36:51","date_gmt":"2023-03-01T12:36:51","guid":{"rendered":"https:\/\/www.aramboia.com\/?page_id=75"},"modified":"2023-11-05T17:42:47","modified_gmt":"2023-11-05T16:42:47","slug":"aviso-legal","status":"publish","type":"page","link":"https:\/\/www.aramboia.com\/es\/aviso-legal\/","title":{"rendered":"Aviso legal"},"content":{"rendered":"<h2>PROPIEDAD<\/h2>\n<p>En cumplimiento de las obligaciones establecidas en el art\u00edculo 10 de la Ley 34\/2002, de 11 de julio, de Servicios de la Sociedad de la Informaci\u00f3n y de Comercio Electr\u00f3nico, se indica que esta p\u00e1gina corresponde a la entidad:<\/p>\n<p>Titular: ANXO GARC\u00cdA FERN\u00c1NDEZ \u2013 76802669B<br \/>\nDirecci\u00f3n: R\u00faa Vista Alegre 2, 8\u00ba esq - 15005 A Coru\u00f1a<br \/>\nTel\u00e9fono: contactar por correo electr\u00f3nico<br \/>\nCorreo electr\u00f3nico: teatrodaramboia@gmail.com<br \/>\nWeb: www.aramboia.com<br \/>\n<\/p>\n<p>Para cualquier consulta, puede contactar con ANXO GARC\u00cdA FERN\u00c1NDEZ a trav\u00e9s de teatrodaramboia@gmail.com, por tel\u00e9fono o por correo electr\u00f3nico. Puede dirigirse a nosotros por cualquier medio.<\/p>\n<h2>OBJETIVO Y ALCANCE DEL SITIO WEB<\/h2>\n<p>Estas Condiciones Generales de Contrataci\u00f3n y Uso tienen por objeto regular la prestaci\u00f3n de la informaci\u00f3n proporcionada en el sitio web de ANXO GARC\u00cdA FERN\u00c1NDEZ, as\u00ed como las transacciones comerciales que se deriven entre ANXO GARC\u00cdA FERN\u00c1NDEZ y los usuarios del dominio www.aramboia.com. Tanto la navegaci\u00f3n por el sitio web como la compra de cualquiera de los productos ofrecidos en \u00e9l implican la aceptaci\u00f3n, como usuario, sin reservas de ning\u00fan tipo, de todas y cada una de estas condiciones generales de contrataci\u00f3n y uso. ANXO GARC\u00cdA FERN\u00c1NDEZ podr\u00e1 modificar el sitio web para realizar los cambios y modificaciones que considere oportunos y necesarios para su correcto funcionamiento, sin necesidad de previo aviso.<\/p>\n<h2>USUARIOS<\/h2>\n<p>El acceso y\/o uso de este portal de ANXO GARC\u00cdA FERN\u00c1NDEZ atribuye la condici\u00f3n de USUARIO, quien acepta, desde dicho acceso y\/o uso, las Condiciones Generales de Uso aqu\u00ed reflejadas. El acceso al sitio web ser\u00e1 voluntario y, por lo tanto, responsabilidad del usuario, quien ser\u00e1 responsable de cualquier efecto directo o indirecto que resulte del uso del sitio web, incluyendo, entre otros, cualquier resultado adverso econ\u00f3mico, t\u00e9cnico y\/o legal, as\u00ed como el defraudar las expectativas generadas por nuestro sitio web, oblig\u00e1ndose el usuario a indemnizar a ANXO GARC\u00cdA FERN\u00c1NDEZ por cualquier reclamaci\u00f3n derivada, directa o indirectamente, de tales hechos.<\/p>\n<h2>USO DEL PORTAL<\/h2>\n<p>www.aramboia.com proporciona acceso a multitud de informaci\u00f3n, servicios, programas o datos (en adelante, &quot;contenidos&quot;) en Internet pertenecientes a ANXO GARC\u00cdA FERN\u00c1NDEZ o a sus licenciantes a los que el USUARIO pueda tener acceso. El USUARIO asume la responsabilidad del uso del portal. Esta responsabilidad se extiende al registro que fue necesario para acceder a determinados servicios o contenidos. En dicho registro, el USUARIO ser\u00e1 responsable de proporcionar informaci\u00f3n veraz y l\u00edcita. Como resultado de este registro, se le podr\u00e1 proporcionar al USUARIO una contrase\u00f1a de la que ser\u00e1 responsable, comprometi\u00e9ndose a hacer un uso diligente y confidencial de la misma. El USUARIO se compromete a hacer un uso apropiado de los contenidos y servicios (tales como servicios de chat, foros de discusi\u00f3n o grupos de noticias) que ANXO GARC\u00cdA FERN\u00c1NDEZ pueda ofrecer a trav\u00e9s de su portal y con car\u00e1cter enunciativo pero no limitativo, a no utilizarlos para (i) realizar actividades il\u00edcitas, ilegales o contrarias a la buena fe y al orden p\u00fablico; (ii) difundir contenido o propaganda de car\u00e1cter racista, xen\u00f3fobo, pornogr\u00e1fico-ilegal, que promueva el terrorismo o atente contra los derechos humanos; (iii) causar da\u00f1os a los sistemas f\u00edsicos y l\u00f3gicos de ANXO GARC\u00cdA FERN\u00c1NDEZ, sus proveedores o terceros, introducir o propagar en la red virus inform\u00e1ticos o cualquier otro sistema f\u00edsico o l\u00f3gico susceptible de causar los da\u00f1os mencionados; (iv) intentar acceder y, en su caso, utilizar las cuentas de correo electr\u00f3nico de otros usuarios y modificar o manipular sus mensajes. ANXO GARC\u00cdA FERN\u00c1NDEZ se reserva el derecho de retirar todos aquellos comentarios y aportaciones que atenten contra la dignidad de la persona, que sean discriminatorios, xen\u00f3fobos, racistas, pornogr\u00e1ficos, que atenten contra la juventud o la infancia, el orden o la seguridad p\u00fablica o que, a su juicio, no sean adecuados para su publicaci\u00f3n. En ning\u00fan caso, ANXO GARC\u00cdA FERN\u00c1NDEZ ser\u00e1 responsable de las opiniones expresadas por los usuarios a trav\u00e9s de foros, chats u otras herramientas de participaci\u00f3n.<\/p>\n<h2>PROPIEDAD INTELECTUAL E INDUSTRIAL<\/h2>\n<p>ANXO GARC\u00cdA FERN\u00c1NDEZ, por s\u00ed misma o como cesionaria, es titular de todos los derechos de propiedad intelectual e industrial de su sitio web, as\u00ed como de los elementos contenidos en el mismo (por ejemplo, im\u00e1genes, sonido, audio, v\u00eddeo, software o textos; marcas o logotipos, combinaciones de colores, estructura y dise\u00f1o, selecci\u00f3n de materiales utilizados, programas inform\u00e1ticos necesarios para su funcionamiento, acceso y uso, etc.), propiedad de ANXO GARC\u00cdA FERN\u00c1NDEZ o de sus licenciantes. Todos los derechos reservados. De conformidad con lo dispuesto en los art\u00edculos 8 y 32.1, p\u00e1rrafo segundo, de la Ley de Propiedad Intelectual, queda expresamente prohibida la reproducci\u00f3n, distribuci\u00f3n y comunicaci\u00f3n p\u00fablica, incluida su forma de puesta a disposici\u00f3n, de la totalidad o parte de los contenidos de este sitio web, con fines comerciales, en cualquier soporte y por cualquier medio t\u00e9cnico, sin la autorizaci\u00f3n de ANXO GARC\u00cdA FERN\u00c1NDEZ.<\/p>\n<p>El USUARIO se compromete a respetar los derechos de Propiedad Intelectual e Industrial de ANXO GARC\u00cdA FERN\u00c1NDEZ. Podr\u00e1 visualizar los elementos del portal e incluso imprimirlos, copiarlos y almacenarlos en el disco duro de su ordenador o en cualquier otro soporte f\u00edsico, cuando y donde quiera, \u00fanica y exclusivamente para su uso personal y privado. El USUARIO deber\u00e1 abstenerse de suprimir, alterar, eludir o manipular cualquier dispositivo de protecci\u00f3n o sistema de seguridad instalado en las p\u00e1ginas de ANXO GARC\u00cdA FERN\u00c1NDEZ.<\/p>\n<p>Queda prohibido el uso de la p\u00e1gina web de ANXO GARC\u00cdA FERN\u00c1NDEZ con fines p\u00fablicos o comerciales, por lo que el contenido de la p\u00e1gina web no podr\u00e1 ser explotado, reproducido, distribuido, modificado, comunicado p\u00fablicamente, transferido, transformado ni utilizado.<\/p>\n<p>Queda expresamente prohibido incluir hiperv\u00ednculos con fines comerciales en sitios web ajenos a ANXO GARC\u00cdA FERN\u00c1NDEZ que permitan el acceso a nuestra web, sin consentimiento previo. En ning\u00fan caso la existencia de hiperv\u00ednculos en sitios web ajenos al nuestro implicar\u00e1 la existencia de relaciones comerciales con el titular de la web donde se establezca el hiperv\u00ednculo, ni la aceptaci\u00f3n por parte de ANXO GARC\u00cdA FERN\u00c1NDEZ de sus contenidos o servicios.<\/p>\n<h2>DIRECCIONES IP<\/h2>\n<p>Los servidores del sitio web pueden detectar autom\u00e1ticamente la direcci\u00f3n IP y el nombre de dominio del usuario. Una direcci\u00f3n IP es un n\u00famero asignado autom\u00e1ticamente a un ordenador al conectarse a Internet. Toda esta informaci\u00f3n se registra en un archivo de actividad del servidor debidamente registrado, que permite el posterior procesamiento de los datos para obtener mediciones puramente estad\u00edsticas que permiten conocer el n\u00famero de p\u00e1ginas vistas, el n\u00famero de visitas a los servicios web, el orden de las visitas, el punto de acceso, etc.<\/p>\n<h2>EXCLUSI\u00d3N DE GARANT\u00cdAS Y RESPONSABILIDAD<\/h2>\n<p>ANXO GARC\u00cdA FERN\u00c1NDEZ no se responsabiliza de los da\u00f1os que puedan derivarse de interferencias, omisiones, interrupciones, virus inform\u00e1ticos, aver\u00edas y\/o desconexiones en el funcionamiento operativo de este sistema electr\u00f3nico o en los dispositivos y equipos inform\u00e1ticos de los usuarios, motivados por causas ajenas a ANXO GARC\u00cdA FERN\u00c1NDEZ, que impidan o retrasen la prestaci\u00f3n de servicios o la navegaci\u00f3n web, ni de los retrasos o bloqueos en el uso causados por deficiencias o sobrecargas de Internet u otros sistemas electr\u00f3nicos, o la imposibilidad de prestar el servicio o permitir el acceso por causas no imputables a ANXO GARC\u00cdA FERN\u00c1NDEZ, debidas al usuario, a terceros o a casos de fuerza mayor. ANXO GARC\u00cdA FERN\u00c1NDEZ no controla, en general, el uso que los usuarios hagan del sitio web. En particular, ANXO GARC\u00cdA FERN\u00c1NDEZ no se responsabiliza en ning\u00fan caso de que los usuarios utilicen el sitio web de conformidad con la ley, las presentes Condiciones Generales, la moral y las buenas costumbres generalmente aceptadas y el orden p\u00fablico, ni de que lo hagan con diligencia y prudencia.<\/p>\n<p>Los productos presentados en el sitio web cumplen con la legislaci\u00f3n espa\u00f1ola. ANXO GARC\u00cdA FERN\u00c1NDEZ no se responsabiliza de los productos que no cumplan con la legislaci\u00f3n de los pa\u00edses a los que se hayan enviado seg\u00fan el pedido del cliente. Por lo tanto, es responsabilidad de los clientes residentes fuera de Espa\u00f1a verificar la posibilidad de importar o utilizar los productos que solicitan.<\/p>\n<h2>MODIFICACIONES<\/h2>\n<p>ANXO GARC\u00cdA FERN\u00c1NDEZ se reserva el derecho de realizar sin previo aviso las modificaciones que considere oportunas en su portal, pudiendo cambiar, suprimir o a\u00f1adir tanto los contenidos y servicios prestados a trav\u00e9s del mismo como la forma en que aparecen presentados o ubicados en su portal.<\/p>\n<h2>CAMPO DE GOLF<\/h2>\n<p>En caso de que www.aramboia.com contenga enlaces o hiperv\u00ednculos a otros sitios web, ANXO GARC\u00cdA FERN\u00c1NDEZ no ejercer\u00e1 ning\u00fan tipo de control sobre dichos sitios ni sobre su contenido. En ning\u00fan caso ANXO GARC\u00cdA FERN\u00c1NDEZ asumir\u00e1 responsabilidad alguna por el contenido de cualquier enlace perteneciente a un sitio web de terceros, ni garantizar\u00e1 la disponibilidad t\u00e9cnica, la calidad, la fiabilidad, la exactitud, la amplitud, la veracidad, la validez ni la constitucionalidad de ning\u00fan material o informaci\u00f3n contenida en dichos hiperv\u00ednculos u otros sitios web. Asimismo, la inclusi\u00f3n de estas conexiones externas no implicar\u00e1 ning\u00fan tipo de asociaci\u00f3n, fusi\u00f3n ni participaci\u00f3n con las entidades vinculadas.<\/p>\n<h2>DERECHO DE EXCLUSI\u00d3N<\/h2>\n<p>ANXO GARC\u00cdA FERN\u00c1NDEZ se reserva el derecho de denegar o retirar el acceso al portal y\/o a los servicios ofrecidos sin previo aviso, a petici\u00f3n propia o de un tercero, a aquellos usuarios que no cumplan con estas Condiciones Generales de Uso.<\/p>\n<h2>GENERALIDADES<\/h2>\n<p>ANXO GARC\u00cdA FERN\u00c1NDEZ perseguir\u00e1 el incumplimiento de estas condiciones, as\u00ed como cualquier uso indebido de su portal, ejerciendo todas las acciones civiles y penales que le correspondan por ley.<\/p>\n<h2>MODIFICACI\u00d3N DE LAS CONDICIONES Y DURACI\u00d3N ACTUALES<\/h2>\n<p>ANXO GARC\u00cdA FERN\u00c1NDEZ podr\u00e1 modificar las condiciones aqu\u00ed establecidas en cualquier momento, siendo debidamente publicadas tal como aparecen aqu\u00ed. La validez de las mencionadas condiciones depender\u00e1 de su publicaci\u00f3n y permanecer\u00e1n vigentes hasta que sean modificadas por otras debidamente publicadas.<span class=\"Apple-converted-space\">\u00a0<\/span><\/p>\n<h2>SEGURIDAD<\/h2>\n<p>El sitio web utiliza t\u00e9cnicas de seguridad de la informaci\u00f3n generalmente aceptadas en el sector, como cortafuegos, procedimientos de control de acceso y mecanismos criptogr\u00e1ficos, con el fin de prevenir el acceso no autorizado a los datos. Para lograr estos objetivos, el usuario\/cliente acepta que el proveedor obtenga datos para la autenticaci\u00f3n de los controles de acceso correspondientes.<\/p>\n<p>Cualquier proceso de selecci\u00f3n que implique la introducci\u00f3n de datos personales de car\u00e1cter sensible (salud, ideolog\u00eda...) se transmitir\u00e1 siempre mediante un protocolo de comunicaci\u00f3n seguro (https:\/\/), de forma que ning\u00fan tercero tenga acceso a la informaci\u00f3n transmitida electr\u00f3nicamente.<\/p>\n<h2>LEGISLACI\u00d3N Y JURISDICCI\u00d3N APLICABLES<\/h2>\n<p>La relaci\u00f3n entre ANXO GARC\u00cdA FERN\u00c1NDEZ y el USUARIO se regir\u00e1 por la normativa espa\u00f1ola vigente y cualquier controversia se someter\u00e1 a los juzgados y tribunales competentes.<\/p>","protected":false},"excerpt":{"rendered":"<p>TITULARIDAD En cumplimiento de las obligaciones establecidas en el art\u00edculo 10 de la Ley 34\/2002, de 11 de julio, de Servicios de la Sociedad de la Informaci\u00f3n y Comercio Electr\u00f3nico, se hace constar que esta p\u00e1gina corresponde a la entidad: Titular: &#8211;\u00a0 Domicilio: Tfno: Mail: Web: Para cualquier consulta, puede contactar con en \u00a0o en [&hellip;]<\/p>\n","protected":false},"author":1,"featured_media":0,"parent":0,"menu_order":11,"comment_status":"closed","ping_status":"closed","template":"","meta":{"footnotes":""},"class_list":["post-75","page","type-page","status-publish","hentry"],"yoast_head":"<!-- This site is optimized with the Yoast SEO plugin v27.4 - https:\/\/yoast.com\/product\/yoast-seo-wordpress\/ -->\n<title>Aviso legal - aRamboia<\/title>\n<meta name=\"description\" content=\"Aviso legal de aRamboia\" \/>\n<meta name=\"robots\" content=\"index, follow, max-snippet:-1, max-image-preview:large, max-video-preview:-1\" \/>\n<link rel=\"canonical\" href=\"https:\/\/www.aramboia.com\/es\/aviso-legal\/\" \/>\n<meta property=\"og:locale\" content=\"es_ES\" \/>\n<meta property=\"og:type\" content=\"article\" \/>\n<meta property=\"og:title\" content=\"Aviso legal - aRamboia\" \/>\n<meta property=\"og:description\" content=\"Aviso legal de aRamboia\" \/>\n<meta property=\"og:url\" content=\"https:\/\/www.aramboia.com\/es\/aviso-legal\/\" \/>\n<meta property=\"og:site_name\" content=\"aRamboia\" \/>\n<meta property=\"article:publisher\" content=\"http:\/\/www.facebook.com\/TRamboia\" \/>\n<meta property=\"article:modified_time\" content=\"2023-11-05T16:42:47+00:00\" \/>\n<meta name=\"twitter:card\" content=\"summary_large_image\" \/>\n<script type=\"application\/ld+json\" class=\"yoast-schema-graph\">{\"@context\":\"https:\\\/\\\/schema.org\",\"@graph\":[{\"@type\":\"WebPage\",\"@id\":\"https:\\\/\\\/www.aramboia.com\\\/aviso-legal\\\/\",\"url\":\"https:\\\/\\\/www.aramboia.com\\\/aviso-legal\\\/\",\"name\":\"Aviso legal - aRamboia\",\"isPartOf\":{\"@id\":\"https:\\\/\\\/www.aramboia.com\\\/#website\"},\"datePublished\":\"2023-03-01T12:36:51+00:00\",\"dateModified\":\"2023-11-05T16:42:47+00:00\",\"description\":\"Aviso legal de aRamboia\",\"breadcrumb\":{\"@id\":\"https:\\\/\\\/www.aramboia.com\\\/aviso-legal\\\/#breadcrumb\"},\"inLanguage\":\"es\",\"potentialAction\":[{\"@type\":\"ReadAction\",\"target\":[\"https:\\\/\\\/www.aramboia.com\\\/aviso-legal\\\/\"]}]},{\"@type\":\"BreadcrumbList\",\"@id\":\"https:\\\/\\\/www.aramboia.com\\\/aviso-legal\\\/#breadcrumb\",\"itemListElement\":[{\"@type\":\"ListItem\",\"position\":1,\"name\":\"Inicio\",\"item\":\"https:\\\/\\\/www.aramboia.com\\\/\"},{\"@type\":\"ListItem\",\"position\":2,\"name\":\"Aviso legal\"}]},{\"@type\":\"WebSite\",\"@id\":\"https:\\\/\\\/www.aramboia.com\\\/#website\",\"url\":\"https:\\\/\\\/www.aramboia.com\\\/\",\"name\":\"aRamboia\",\"description\":\"\",\"publisher\":{\"@id\":\"https:\\\/\\\/www.aramboia.com\\\/#organization\"},\"potentialAction\":[{\"@type\":\"SearchAction\",\"target\":{\"@type\":\"EntryPoint\",\"urlTemplate\":\"https:\\\/\\\/www.aramboia.com\\\/?s={search_term_string}\"},\"query-input\":{\"@type\":\"PropertyValueSpecification\",\"valueRequired\":true,\"valueName\":\"search_term_string\"}}],\"inLanguage\":\"es\"},{\"@type\":\"Organization\",\"@id\":\"https:\\\/\\\/www.aramboia.com\\\/#organization\",\"name\":\"aRamboia\",\"url\":\"https:\\\/\\\/www.aramboia.com\\\/\",\"logo\":{\"@type\":\"ImageObject\",\"inLanguage\":\"es\",\"@id\":\"https:\\\/\\\/www.aramboia.com\\\/#\\\/schema\\\/logo\\\/image\\\/\",\"url\":\"https:\\\/\\\/www.aramboia.com\\\/wp-content\\\/uploads\\\/2025\\\/04\\\/Copia-de-aRamboia-e1773359661539.png\",\"contentUrl\":\"https:\\\/\\\/www.aramboia.com\\\/wp-content\\\/uploads\\\/2025\\\/04\\\/Copia-de-aRamboia-e1773359661539.png\",\"width\":426,\"height\":246,\"caption\":\"aRamboia\"},\"image\":{\"@id\":\"https:\\\/\\\/www.aramboia.com\\\/#\\\/schema\\\/logo\\\/image\\\/\"},\"sameAs\":[\"http:\\\/\\\/www.facebook.com\\\/TRamboia\",\"http:\\\/\\\/www.instagram.com\\\/a.ramboia\"]}]}<\/script>\n<!-- \/ Yoast SEO plugin. -->","yoast_head_json":{"title":"Aviso legal - aRamboia","description":"Aviso legal de Ramboia","robots":{"index":"index","follow":"follow","max-snippet":"max-snippet:-1","max-image-preview":"max-image-preview:large","max-video-preview":"max-video-preview:-1"},"canonical":"https:\/\/www.aramboia.com\/es\/aviso-legal\/","og_locale":"es_ES","og_type":"article","og_title":"Aviso legal - aRamboia","og_description":"Aviso legal de aRamboia","og_url":"https:\/\/www.aramboia.com\/es\/aviso-legal\/","og_site_name":"aRamboia","article_publisher":"http:\/\/www.facebook.com\/TRamboia","article_modified_time":"2023-11-05T16:42:47+00:00","twitter_card":"summary_large_image","schema":{"@context":"https:\/\/schema.org","@graph":[{"@type":"WebPage","@id":"https:\/\/www.aramboia.com\/aviso-legal\/","url":"https:\/\/www.aramboia.com\/aviso-legal\/","name":"Aviso legal - aRamboia","isPartOf":{"@id":"https:\/\/www.aramboia.com\/#website"},"datePublished":"2023-03-01T12:36:51+00:00","dateModified":"2023-11-05T16:42:47+00:00","description":"Aviso legal de Ramboia","breadcrumb":{"@id":"https:\/\/www.aramboia.com\/aviso-legal\/#breadcrumb"},"inLanguage":"es","potentialAction":[{"@type":"ReadAction","target":["https:\/\/www.aramboia.com\/aviso-legal\/"]}]},{"@type":"BreadcrumbList","@id":"https:\/\/www.aramboia.com\/aviso-legal\/#breadcrumb","itemListElement":[{"@type":"ListItem","position":1,"name":"Inicio","item":"https:\/\/www.aramboia.com\/"},{"@type":"ListItem","position":2,"name":"Aviso legal"}]},{"@type":"WebSite","@id":"https:\/\/www.aramboia.com\/#website","url":"https:\/\/www.aramboia.com\/","name":"a Ramboia","description":"","publisher":{"@id":"https:\/\/www.aramboia.com\/#organization"},"potentialAction":[{"@type":"SearchAction","target":{"@type":"EntryPoint","urlTemplate":"https:\/\/www.aramboia.com\/?s={search_term_string}"},"query-input":{"@type":"PropertyValueSpecification","valueRequired":true,"valueName":"search_term_string"}}],"inLanguage":"es"},{"@type":"Organization","@id":"https:\/\/www.aramboia.com\/#organization","name":"a Ramboia","url":"https:\/\/www.aramboia.com\/","logo":{"@type":"ImageObject","inLanguage":"es","@id":"https:\/\/www.aramboia.com\/#\/schema\/logo\/image\/","url":"https:\/\/www.aramboia.com\/wp-content\/uploads\/2025\/04\/Copia-de-aRamboia-e1773359661539.png","contentUrl":"https:\/\/www.aramboia.com\/wp-content\/uploads\/2025\/04\/Copia-de-aRamboia-e1773359661539.png","width":426,"height":246,"caption":"aRamboia"},"image":{"@id":"https:\/\/www.aramboia.com\/#\/schema\/logo\/image\/"},"sameAs":["http:\/\/www.facebook.com\/TRamboia","http:\/\/www.instagram.com\/a.ramboia"]}]}},"_links":{"self":[{"href":"https:\/\/www.aramboia.com\/es\/wp-json\/wp\/v2\/pages\/75","targetHints":{"allow":["GET"]}}],"collection":[{"href":"https:\/\/www.aramboia.com\/es\/wp-json\/wp\/v2\/pages"}],"about":[{"href":"https:\/\/www.aramboia.com\/es\/wp-json\/wp\/v2\/types\/page"}],"author":[{"embeddable":true,"href":"https:\/\/www.aramboia.com\/es\/wp-json\/wp\/v2\/users\/1"}],"replies":[{"embeddable":true,"href":"https:\/\/www.aramboia.com\/es\/wp-json\/wp\/v2\/comments?post=75"}],"version-history":[{"count":1,"href":"https:\/\/www.aramboia.com\/es\/wp-json\/wp\/v2\/pages\/75\/revisions"}],"predecessor-version":[{"id":397,"href":"https:\/\/www.aramboia.com\/es\/wp-json\/wp\/v2\/pages\/75\/revisions\/397"}],"wp:attachment":[{"href":"https:\/\/www.aramboia.com\/es\/wp-json\/wp\/v2\/media?parent=75"}],"curies":[{"name":"wp","href":"https:\/\/api.w.org\/{rel}","templated":true}]}}