{"id":439,"date":"2025-06-02T10:46:00","date_gmt":"2025-06-02T08:46:00","guid":{"rendered":"https:\/\/www.aramboia.com\/?page_id=439"},"modified":"2026-03-13T01:37:18","modified_gmt":"2026-03-13T00:37:18","slug":"contacto","status":"publish","type":"page","link":"https:\/\/www.aramboia.com\/es\/contacto\/","title":{"rendered":"Contacto"},"content":{"rendered":"<div data-elementor-type=\"wp-page\" data-elementor-id=\"439\" class=\"elementor elementor-439\" data-elementor-post-type=\"page\">\n\t\t\t\t\t\t<section class=\"elementor-section elementor-top-section elementor-element elementor-element-69e00d79 elementor-section-content-middle elementor-section-boxed elementor-section-height-default elementor-section-height-default\" data-id=\"69e00d79\" data-element_type=\"section\" data-e-type=\"section\" data-settings=\"{&quot;background_background&quot;:&quot;classic&quot;}\">\n\t\t\t\t\t\t\t<div class=\"elementor-background-overlay\"><\/div>\n\t\t\t\t\t\t\t<div class=\"elementor-container elementor-column-gap-default\">\n\t\t\t\t\t<div class=\"elementor-column elementor-col-100 elementor-top-column elementor-element elementor-element-268fbafd\" data-id=\"268fbafd\" data-element_type=\"column\" data-e-type=\"column\">\n\t\t\t<div class=\"elementor-widget-wrap elementor-element-populated\">\n\t\t\t\t\t\t<div class=\"elementor-element elementor-element-87e7ae5 elementor-invisible elementor-widget elementor-widget-heading\" data-id=\"87e7ae5\" data-element_type=\"widget\" data-e-type=\"widget\" data-settings=\"{&quot;_animation&quot;:&quot;fadeIn&quot;}\" data-widget_type=\"heading.default\">\n\t\t\t\t<div class=\"elementor-widget-container\">\n\t\t\t\t\t<h1 class=\"elementor-heading-title elementor-size-default\">Contacto<\/h1>\t\t\t\t<\/div>\n\t\t\t\t<\/div>\n\t\t\t\t\t<\/div>\n\t\t<\/div>\n\t\t\t\t\t<\/div>\n\t\t<\/section>\n\t\t\t\t<section class=\"elementor-section elementor-top-section elementor-element elementor-element-597501d9 elementor-section-boxed elementor-section-height-default elementor-section-height-default\" data-id=\"597501d9\" data-element_type=\"section\" data-e-type=\"section\" data-settings=\"{&quot;background_background&quot;:&quot;gradient&quot;}\">\n\t\t\t\t\t\t<div class=\"elementor-container elementor-column-gap-default\">\n\t\t\t\t\t<div class=\"elementor-column elementor-col-100 elementor-top-column elementor-element elementor-element-2c6ec40e\" data-id=\"2c6ec40e\" data-element_type=\"column\" data-e-type=\"column\">\n\t\t\t<div class=\"elementor-widget-wrap elementor-element-populated\">\n\t\t\t\t\t\t<section class=\"elementor-section elementor-inner-section elementor-element elementor-element-1cf440d4 elementor-section-boxed elementor-section-height-default elementor-section-height-default\" data-id=\"1cf440d4\" data-element_type=\"section\" data-e-type=\"section\">\n\t\t\t\t\t\t<div class=\"elementor-container elementor-column-gap-default\">\n\t\t\t\t\t<div class=\"elementor-column elementor-col-50 elementor-inner-column elementor-element elementor-element-2ec09bb3\" data-id=\"2ec09bb3\" data-element_type=\"column\" data-e-type=\"column\">\n\t\t\t<div class=\"elementor-widget-wrap elementor-element-populated\">\n\t\t\t\t\t\t<div class=\"elementor-element elementor-element-3ca5b13c elementor-invisible elementor-widget elementor-widget-heading\" data-id=\"3ca5b13c\" data-element_type=\"widget\" data-e-type=\"widget\" data-settings=\"{&quot;_animation&quot;:&quot;fadeInUp&quot;}\" data-widget_type=\"heading.default\">\n\t\t\t\t<div class=\"elementor-widget-container\">\n\t\t\t\t\t<h2 class=\"elementor-heading-title elementor-size-default\">Falamos?<\/h2>\t\t\t\t<\/div>\n\t\t\t\t<\/div>\n\t\t\t\t<div class=\"elementor-element elementor-element-1a22b7e9 elementor-widget elementor-widget-text-editor\" data-id=\"1a22b7e9\" data-element_type=\"widget\" data-e-type=\"widget\" data-widget_type=\"text-editor.default\">\n\t\t\t\t<div class=\"elementor-widget-container\">\n\t\t\t\t\t\t\t\t\t<p class=\"p1\">Estamos abertas a colaboraci\u00f3n, convites, propostas ou simplemente a escoitarte. Escr\u00edbenos e \u00a0responderemos o antes posible.<\/p>\t\t\t\t\t\t\t\t<\/div>\n\t\t\t\t<\/div>\n\t\t\t\t<div class=\"elementor-element elementor-element-4db6dd11 uael-cf7-btn-size-md uael-cf7-style-box uael-cf7-input-size-sm uael-cf7-button-left uael-cf7-highlight-style-default elementor-widget elementor-widget-uael-cf7-styler\" data-id=\"4db6dd11\" data-element_type=\"widget\" data-e-type=\"widget\" data-widget_type=\"uael-cf7-styler.default\">\n\t\t\t\t<div class=\"elementor-widget-container\">\n\t\t\t\t\t\t\t\t\t<div class = \"uael-cf7-container\">\n\t\t\t\t\t\t<div class = \"uael-cf7 uael-cf7-style elementor-clickable\">\n\t\t\t\t\t\t\n<div class=\"wpcf7 no-js\" id=\"wpcf7-f5-o1\" lang=\"es-ES\" dir=\"ltr\" data-wpcf7-id=\"5\">\n<div class=\"screen-reader-response\"><p role=\"status\" aria-live=\"polite\" aria-atomic=\"true\"><\/p> <ul><\/ul><\/div>\n<form action=\"\/es\/wp-json\/wp\/v2\/pages\/439#wpcf7-f5-o1\" method=\"post\" class=\"wpcf7-form init\" aria-label=\"Formulario de contacto\" novalidate=\"novalidate\" data-status=\"init\" data-trp-original-action=\"\/es\/wp-json\/wp\/v2\/pages\/439#wpcf7-f5-o1\">\n<fieldset class=\"hidden-fields-container\"><input type=\"hidden\" name=\"_wpcf7\" value=\"5\" \/><input type=\"hidden\" name=\"_wpcf7_version\" value=\"6.1.5\" \/><input type=\"hidden\" name=\"_wpcf7_locale\" value=\"es_ES\" \/><input type=\"hidden\" name=\"_wpcf7_unit_tag\" value=\"wpcf7-f5-o1\" \/><input type=\"hidden\" name=\"_wpcf7_container_post\" value=\"0\" \/><input type=\"hidden\" name=\"_wpcf7_posted_data_hash\" value=\"\" \/>\n<\/fieldset>\n<p><label for=\"your-name\">Tu nombre<\/label>\n<\/p>\n<p><span class=\"wpcf7-form-control-wrap\" data-name=\"your-name\"><input size=\"40\" maxlength=\"400\" class=\"wpcf7-form-control wpcf7-text wpcf7-validates-as-required\" id=\"your-name\" aria-required=\"true\" aria-invalid=\"false\" value=\"\" type=\"text\" name=\"your-name\" \/><\/span>\n<\/p>\n<p><label for=\"your-email\">Tu correo electr\u00f3nico<\/label>\n<\/p>\n<p><span class=\"wpcf7-form-control-wrap\" data-name=\"your-email\"><input size=\"40\" maxlength=\"400\" class=\"wpcf7-form-control wpcf7-email wpcf7-validates-as-required wpcf7-text wpcf7-validates-as-email\" id=\"your-email\" aria-required=\"true\" aria-invalid=\"false\" value=\"\" type=\"email\" name=\"your-email\" \/><\/span>\n<\/p>\n<p><label for=\"your-subject\">Asunto<\/label>\n<\/p>\n<p><span class=\"wpcf7-form-control-wrap\" data-name=\"your-subject\"><input size=\"40\" maxlength=\"400\" class=\"wpcf7-form-control wpcf7-text wpcf7-validates-as-required\" id=\"your-subject\" aria-required=\"true\" aria-invalid=\"false\" value=\"\" type=\"text\" name=\"your-subject\" \/><\/span>\n<\/p>\n<p><span id=\"email-campo-w\" class=\"wpcf7-form-control-wrap email-campo-wrap\" style=\"display:none !important; visibility:hidden !important;\"><label for=\"email-campo\" class=\"hp-message\">Por favor, deja este campo vac\u00edo.<\/label><input id=\"email-campo\"  class=\"wpcf7-form-control wpcf7-text email-campo\" type=\"text\" name=\"email-campo\" value=\"\" size=\"40\" tabindex=\"-1\" autocomplete=\"new-password\" \/><\/span><span id=\"website-campo-w\" class=\"wpcf7-form-control-wrap website-campo-wrap\" style=\"display:none !important; visibility:hidden !important;\"><label for=\"website-campo\" class=\"hp-message\">Por favor, deja este campo vac\u00edo.<\/label><input id=\"website-campo\"  class=\"wpcf7-form-control wpcf7-text website-campo\" type=\"text\" name=\"website-campo\" value=\"\" size=\"40\" tabindex=\"-1\" autocomplete=\"new-password\" \/><\/span>\n<\/p>\n<p><label for=\"your-message\">Tu mensaje<\/label>\n<\/p>\n<p><span class=\"wpcf7-form-control-wrap\" data-name=\"your-message\"><textarea cols=\"40\" rows=\"10\" maxlength=\"2000\" class=\"wpcf7-form-control wpcf7-textarea wpcf7-validates-as-required\" id=\"your-message\" aria-required=\"true\" aria-invalid=\"false\" name=\"your-message\"><\/textarea><\/span>\n<\/p>\n<p><span class=\"wpcf7-form-control-wrap\" data-name=\"acceptance-RGPD\"><span class=\"wpcf7-form-control wpcf7-acceptance\"><span class=\"wpcf7-list-item\"><label><input type=\"checkbox\" name=\"acceptance-RGPD\" value=\"1\" aria-invalid=\"false\" \/><span class=\"wpcf7-list-item-label\">He le\u00eddo y acepto la <a href=\"..\/politica-de-privacidad\/\">pol\u00edtica de privacidad<\/a><\/span><\/label><\/span><\/span><\/span>\n<\/p>\n<p><input class=\"wpcf7-form-control wpcf7-submit has-spinner\" type=\"submit\" value=\"Enviar\" \/>\n<\/p>\n<div class=\"wpcf7-response-output\" aria-hidden=\"true\"><\/div>\n<input type=\"hidden\" name=\"trp-form-language\" value=\"es\"\/><\/form>\n<\/div>\n\t\t\t\t\t<\/div>\n\t\t\t\t<\/div>\n\t\t\t\t\t\t\t\t<\/div>\n\t\t\t\t<\/div>\n\t\t\t\t\t<\/div>\n\t\t<\/div>\n\t\t\t\t<div class=\"elementor-column elementor-col-50 elementor-inner-column elementor-element elementor-element-7aa7900f\" data-id=\"7aa7900f\" data-element_type=\"column\" data-e-type=\"column\">\n\t\t\t<div class=\"elementor-widget-wrap elementor-element-populated\">\n\t\t\t\t\t\t<div class=\"elementor-element elementor-element-052123a elementor-hidden-mobile elementor-widget elementor-widget-image\" data-id=\"052123a\" data-element_type=\"widget\" data-e-type=\"widget\" data-widget_type=\"image.default\">\n\t\t\t\t<div class=\"elementor-widget-container\">\n\t\t\t\t\t\t\t\t\t\t\t\t\t\t\t<img fetchpriority=\"high\" decoding=\"async\" width=\"800\" height=\"452\" src=\"https:\/\/www.aramboia.com\/wp-content\/uploads\/2025\/04\/logo-1024x578.png\" class=\"attachment-large size-large wp-image-425\" alt=\"a Ramboia\" srcset=\"https:\/\/www.aramboia.com\/wp-content\/uploads\/2025\/04\/logo-1024x578.png.webp 1024w, https:\/\/www.aramboia.com\/wp-content\/uploads\/2025\/04\/logo-300x169.png.webp 300w, https:\/\/www.aramboia.com\/wp-content\/uploads\/2025\/04\/logo-768x434.png.webp 768w, https:\/\/www.aramboia.com\/wp-content\/uploads\/2025\/04\/logo-18x10.png.webp 18w, https:\/\/www.aramboia.com\/wp-content\/uploads\/2025\/04\/logo.png.webp 1234w\" sizes=\"(max-width: 800px) 100vw, 800px\" \/>\t\t\t\t\t\t\t\t\t\t\t\t\t\t\t<\/div>\n\t\t\t\t<\/div>\n\t\t\t\t<div class=\"elementor-element elementor-element-95cbe6e elementor-shape-circle e-grid-align-right e-grid-align-mobile-left elementor-grid-0 elementor-widget elementor-widget-social-icons\" data-id=\"95cbe6e\" data-element_type=\"widget\" data-e-type=\"widget\" data-widget_type=\"social-icons.default\">\n\t\t\t\t<div class=\"elementor-widget-container\">\n\t\t\t\t\t\t\t<div class=\"elementor-social-icons-wrapper elementor-grid\" role=\"list\">\n\t\t\t\t\t\t\t<span class=\"elementor-grid-item\" role=\"listitem\">\n\t\t\t\t\t<a class=\"elementor-icon elementor-social-icon elementor-social-icon-facebook elementor-animation-grow elementor-repeater-item-56c8ef2\" href=\"http:\/\/www.facebook.com\/TRamboia\" target=\"_blank\">\n\t\t\t\t\t\t<span class=\"elementor-screen-only\">Facebook<\/span>\n\t\t\t\t\t\t<i aria-hidden=\"true\" class=\"fab fa-facebook\"><\/i>\t\t\t\t\t<\/a>\n\t\t\t\t<\/span>\n\t\t\t\t\t\t\t<span class=\"elementor-grid-item\" role=\"listitem\">\n\t\t\t\t\t<a class=\"elementor-icon elementor-social-icon elementor-social-icon-instagram elementor-animation-grow elementor-repeater-item-ae76ca6\" href=\"http:\/\/www.instagram.com\/a.ramboia\" target=\"_blank\">\n\t\t\t\t\t\t<span class=\"elementor-screen-only\">Instagram<\/span>\n\t\t\t\t\t\t<i aria-hidden=\"true\" class=\"fab fa-instagram\"><\/i>\t\t\t\t\t<\/a>\n\t\t\t\t<\/span>\n\t\t\t\t\t\t\t<span class=\"elementor-grid-item\" role=\"listitem\">\n\t\t\t\t\t<a class=\"elementor-icon elementor-social-icon elementor-social-icon-envelope elementor-animation-grow elementor-repeater-item-e070283\" href=\"mailto:teatrodaramboia@gmail.com\" target=\"_blank\">\n\t\t\t\t\t\t<span class=\"elementor-screen-only\">Envelope<\/span>\n\t\t\t\t\t\t<i aria-hidden=\"true\" class=\"fas fa-envelope\"><\/i>\t\t\t\t\t<\/a>\n\t\t\t\t<\/span>\n\t\t\t\t\t<\/div>\n\t\t\t\t\t\t<\/div>\n\t\t\t\t<\/div>\n\t\t\t\t\t<\/div>\n\t\t<\/div>\n\t\t\t\t\t<\/div>\n\t\t<\/section>\n\t\t\t\t\t<\/div>\n\t\t<\/div>\n\t\t\t\t\t<\/div>\n\t\t<\/section>\n\t\t\t\t<\/div>","protected":false},"excerpt":{"rendered":"<p>Contacto Falamos? Estamos abertas a colaboraci\u00f3n, convites, propostas ou simplemente a escoitarte. Escr\u00edbenos e \u00a0responderemos o antes posible. Tu nombre Tu correo electr\u00f3nico Asunto Por favor, deja este campo vac\u00edo.Por favor, deja este campo vac\u00edo. Tu mensaje He le\u00eddo y acepto la pol\u00edtica de privacidad Facebook Instagram Envelope<\/p>","protected":false},"author":1,"featured_media":0,"parent":0,"menu_order":9,"comment_status":"closed","ping_status":"closed","template":"","meta":{"footnotes":""},"class_list":["post-439","page","type-page","status-publish","hentry"],"yoast_head":"<!-- This site is optimized with the Yoast SEO plugin v27.4 - https:\/\/yoast.com\/product\/yoast-seo-wordpress\/ -->\n<title>Contacto - aRamboia<\/title>\n<meta name=\"description\" content=\"Escr\u00edbenos para contrataciones, giras o prensa. Encuentra email y redes sociales de aRamboia Teatro en esta p\u00e1gina.\" \/>\n<meta name=\"robots\" content=\"index, follow, max-snippet:-1, max-image-preview:large, max-video-preview:-1\" \/>\n<link rel=\"canonical\" href=\"https:\/\/www.aramboia.com\/es\/contacto\/\" \/>\n<meta property=\"og:locale\" content=\"es_ES\" \/>\n<meta property=\"og:type\" content=\"article\" \/>\n<meta property=\"og:title\" content=\"Contacto - aRamboia\" \/>\n<meta property=\"og:description\" content=\"Escr\u00edbenos para contrataciones, giras o prensa. Encuentra email y redes sociales de aRamboia Teatro en esta p\u00e1gina.\" \/>\n<meta property=\"og:url\" content=\"https:\/\/www.aramboia.com\/es\/contacto\/\" \/>\n<meta property=\"og:site_name\" content=\"aRamboia\" \/>\n<meta property=\"article:publisher\" content=\"http:\/\/www.facebook.com\/TRamboia\" \/>\n<meta property=\"article:modified_time\" content=\"2026-03-13T00:37:18+00:00\" \/>\n<meta property=\"og:image\" content=\"https:\/\/www.aramboia.com\/wp-content\/uploads\/2025\/04\/logo.png\" \/>\n\t<meta property=\"og:image:width\" content=\"1234\" \/>\n\t<meta property=\"og:image:height\" content=\"697\" \/>\n\t<meta property=\"og:image:type\" content=\"image\/png\" \/>\n<meta name=\"twitter:card\" content=\"summary_large_image\" \/>\n<script type=\"application\/ld+json\" class=\"yoast-schema-graph\">{\"@context\":\"https:\\\/\\\/schema.org\",\"@graph\":[{\"@type\":\"WebPage\",\"@id\":\"https:\\\/\\\/www.aramboia.com\\\/contacto\\\/\",\"url\":\"https:\\\/\\\/www.aramboia.com\\\/contacto\\\/\",\"name\":\"Contacto - aRamboia\",\"isPartOf\":{\"@id\":\"https:\\\/\\\/www.aramboia.com\\\/#website\"},\"primaryImageOfPage\":{\"@id\":\"https:\\\/\\\/www.aramboia.com\\\/contacto\\\/#primaryimage\"},\"image\":{\"@id\":\"https:\\\/\\\/www.aramboia.com\\\/contacto\\\/#primaryimage\"},\"thumbnailUrl\":\"https:\\\/\\\/www.aramboia.com\\\/wp-content\\\/uploads\\\/2025\\\/04\\\/logo-1024x578.png\",\"datePublished\":\"2025-06-02T08:46:00+00:00\",\"dateModified\":\"2026-03-13T00:37:18+00:00\",\"description\":\"Escr\u00edbenos para contrataciones, giras o prensa. Encuentra email y redes sociales de aRamboia Teatro en esta p\u00e1gina.\",\"breadcrumb\":{\"@id\":\"https:\\\/\\\/www.aramboia.com\\\/contacto\\\/#breadcrumb\"},\"inLanguage\":\"es\",\"potentialAction\":[{\"@type\":\"ReadAction\",\"target\":[\"https:\\\/\\\/www.aramboia.com\\\/contacto\\\/\"]}]},{\"@type\":\"ImageObject\",\"inLanguage\":\"es\",\"@id\":\"https:\\\/\\\/www.aramboia.com\\\/contacto\\\/#primaryimage\",\"url\":\"https:\\\/\\\/www.aramboia.com\\\/wp-content\\\/uploads\\\/2025\\\/04\\\/logo-1024x578.png\",\"contentUrl\":\"https:\\\/\\\/www.aramboia.com\\\/wp-content\\\/uploads\\\/2025\\\/04\\\/logo-1024x578.png\"},{\"@type\":\"BreadcrumbList\",\"@id\":\"https:\\\/\\\/www.aramboia.com\\\/contacto\\\/#breadcrumb\",\"itemListElement\":[{\"@type\":\"ListItem\",\"position\":1,\"name\":\"Inicio\",\"item\":\"https:\\\/\\\/www.aramboia.com\\\/\"},{\"@type\":\"ListItem\",\"position\":2,\"name\":\"Contacto\"}]},{\"@type\":\"WebSite\",\"@id\":\"https:\\\/\\\/www.aramboia.com\\\/#website\",\"url\":\"https:\\\/\\\/www.aramboia.com\\\/\",\"name\":\"aRamboia\",\"description\":\"\",\"publisher\":{\"@id\":\"https:\\\/\\\/www.aramboia.com\\\/#organization\"},\"potentialAction\":[{\"@type\":\"SearchAction\",\"target\":{\"@type\":\"EntryPoint\",\"urlTemplate\":\"https:\\\/\\\/www.aramboia.com\\\/?s={search_term_string}\"},\"query-input\":{\"@type\":\"PropertyValueSpecification\",\"valueRequired\":true,\"valueName\":\"search_term_string\"}}],\"inLanguage\":\"es\"},{\"@type\":\"Organization\",\"@id\":\"https:\\\/\\\/www.aramboia.com\\\/#organization\",\"name\":\"aRamboia\",\"url\":\"https:\\\/\\\/www.aramboia.com\\\/\",\"logo\":{\"@type\":\"ImageObject\",\"inLanguage\":\"es\",\"@id\":\"https:\\\/\\\/www.aramboia.com\\\/#\\\/schema\\\/logo\\\/image\\\/\",\"url\":\"https:\\\/\\\/www.aramboia.com\\\/wp-content\\\/uploads\\\/2025\\\/04\\\/Copia-de-aRamboia-e1773359661539.png\",\"contentUrl\":\"https:\\\/\\\/www.aramboia.com\\\/wp-content\\\/uploads\\\/2025\\\/04\\\/Copia-de-aRamboia-e1773359661539.png\",\"width\":426,\"height\":246,\"caption\":\"aRamboia\"},\"image\":{\"@id\":\"https:\\\/\\\/www.aramboia.com\\\/#\\\/schema\\\/logo\\\/image\\\/\"},\"sameAs\":[\"http:\\\/\\\/www.facebook.com\\\/TRamboia\",\"http:\\\/\\\/www.instagram.com\\\/a.ramboia\"]}]}<\/script>\n<!-- \/ Yoast SEO plugin. -->","yoast_head_json":{"title":"Contacto - aRamboia","description":"Escr\u00edbenos para contrataciones, giras o prensa. Encuentra email y redes sociales de aRamboia Teatro en esta p\u00e1gina.","robots":{"index":"index","follow":"follow","max-snippet":"max-snippet:-1","max-image-preview":"max-image-preview:large","max-video-preview":"max-video-preview:-1"},"canonical":"https:\/\/www.aramboia.com\/es\/contacto\/","og_locale":"es_ES","og_type":"article","og_title":"Contacto - aRamboia","og_description":"Escr\u00edbenos para contrataciones, giras o prensa. Encuentra email y redes sociales de aRamboia Teatro en esta p\u00e1gina.","og_url":"https:\/\/www.aramboia.com\/es\/contacto\/","og_site_name":"aRamboia","article_publisher":"http:\/\/www.facebook.com\/TRamboia","article_modified_time":"2026-03-13T00:37:18+00:00","og_image":[{"width":1234,"height":697,"url":"https:\/\/www.aramboia.com\/wp-content\/uploads\/2025\/04\/logo.png","type":"image\/png"}],"twitter_card":"summary_large_image","schema":{"@context":"https:\/\/schema.org","@graph":[{"@type":"WebPage","@id":"https:\/\/www.aramboia.com\/contacto\/","url":"https:\/\/www.aramboia.com\/contacto\/","name":"Contacto - aRamboia","isPartOf":{"@id":"https:\/\/www.aramboia.com\/#website"},"primaryImageOfPage":{"@id":"https:\/\/www.aramboia.com\/contacto\/#primaryimage"},"image":{"@id":"https:\/\/www.aramboia.com\/contacto\/#primaryimage"},"thumbnailUrl":"https:\/\/www.aramboia.com\/wp-content\/uploads\/2025\/04\/logo-1024x578.png","datePublished":"2025-06-02T08:46:00+00:00","dateModified":"2026-03-13T00:37:18+00:00","description":"Escr\u00edbenos para contrataciones, giras o prensa. Encuentra email y redes sociales de aRamboia Teatro en esta p\u00e1gina.","breadcrumb":{"@id":"https:\/\/www.aramboia.com\/contacto\/#breadcrumb"},"inLanguage":"es","potentialAction":[{"@type":"ReadAction","target":["https:\/\/www.aramboia.com\/contacto\/"]}]},{"@type":"ImageObject","inLanguage":"es","@id":"https:\/\/www.aramboia.com\/contacto\/#primaryimage","url":"https:\/\/www.aramboia.com\/wp-content\/uploads\/2025\/04\/logo-1024x578.png","contentUrl":"https:\/\/www.aramboia.com\/wp-content\/uploads\/2025\/04\/logo-1024x578.png"},{"@type":"BreadcrumbList","@id":"https:\/\/www.aramboia.com\/contacto\/#breadcrumb","itemListElement":[{"@type":"ListItem","position":1,"name":"Inicio","item":"https:\/\/www.aramboia.com\/"},{"@type":"ListItem","position":2,"name":"Contacto"}]},{"@type":"WebSite","@id":"https:\/\/www.aramboia.com\/#website","url":"https:\/\/www.aramboia.com\/","name":"a Ramboia","description":"","publisher":{"@id":"https:\/\/www.aramboia.com\/#organization"},"potentialAction":[{"@type":"SearchAction","target":{"@type":"EntryPoint","urlTemplate":"https:\/\/www.aramboia.com\/?s={search_term_string}"},"query-input":{"@type":"PropertyValueSpecification","valueRequired":true,"valueName":"search_term_string"}}],"inLanguage":"es"},{"@type":"Organization","@id":"https:\/\/www.aramboia.com\/#organization","name":"a Ramboia","url":"https:\/\/www.aramboia.com\/","logo":{"@type":"ImageObject","inLanguage":"es","@id":"https:\/\/www.aramboia.com\/#\/schema\/logo\/image\/","url":"https:\/\/www.aramboia.com\/wp-content\/uploads\/2025\/04\/Copia-de-aRamboia-e1773359661539.png","contentUrl":"https:\/\/www.aramboia.com\/wp-content\/uploads\/2025\/04\/Copia-de-aRamboia-e1773359661539.png","width":426,"height":246,"caption":"aRamboia"},"image":{"@id":"https:\/\/www.aramboia.com\/#\/schema\/logo\/image\/"},"sameAs":["http:\/\/www.facebook.com\/TRamboia","http:\/\/www.instagram.com\/a.ramboia"]}]}},"_links":{"self":[{"href":"https:\/\/www.aramboia.com\/es\/wp-json\/wp\/v2\/pages\/439","targetHints":{"allow":["GET"]}}],"collection":[{"href":"https:\/\/www.aramboia.com\/es\/wp-json\/wp\/v2\/pages"}],"about":[{"href":"https:\/\/www.aramboia.com\/es\/wp-json\/wp\/v2\/types\/page"}],"author":[{"embeddable":true,"href":"https:\/\/www.aramboia.com\/es\/wp-json\/wp\/v2\/users\/1"}],"replies":[{"embeddable":true,"href":"https:\/\/www.aramboia.com\/es\/wp-json\/wp\/v2\/comments?post=439"}],"version-history":[{"count":50,"href":"https:\/\/www.aramboia.com\/es\/wp-json\/wp\/v2\/pages\/439\/revisions"}],"predecessor-version":[{"id":1178,"href":"https:\/\/www.aramboia.com\/es\/wp-json\/wp\/v2\/pages\/439\/revisions\/1178"}],"wp:attachment":[{"href":"https:\/\/www.aramboia.com\/es\/wp-json\/wp\/v2\/media?parent=439"}],"curies":[{"name":"wp","href":"https:\/\/api.w.org\/{rel}","templated":true}]}}