{"id":437,"date":"2025-06-02T10:45:46","date_gmt":"2025-06-02T08:45:46","guid":{"rendered":"https:\/\/www.aramboia.com\/?page_id=437"},"modified":"2026-04-12T12:29:21","modified_gmt":"2026-04-12T10:29:21","slug":"gira","status":"publish","type":"page","link":"https:\/\/www.aramboia.com\/es\/gira\/","title":{"rendered":"Recorrido"},"content":{"rendered":"<div data-elementor-type=\"wp-page\" data-elementor-id=\"437\" class=\"elementor elementor-437\" data-elementor-post-type=\"page\">\n\t\t\t\t\t\t<section class=\"elementor-section elementor-top-section elementor-element elementor-element-36a4a6d8 elementor-section-content-middle elementor-section-height-min-height elementor-section-boxed elementor-section-height-default elementor-section-items-middle\" data-id=\"36a4a6d8\" data-element_type=\"section\" data-e-type=\"section\" data-settings=\"{&quot;background_background&quot;:&quot;classic&quot;}\">\n\t\t\t\t\t\t\t<div class=\"elementor-background-overlay\"><\/div>\n\t\t\t\t\t\t\t<div class=\"elementor-container elementor-column-gap-default\">\n\t\t\t\t\t<div class=\"elementor-column elementor-col-100 elementor-top-column elementor-element elementor-element-24da4d8\" data-id=\"24da4d8\" data-element_type=\"column\" data-e-type=\"column\">\n\t\t\t<div class=\"elementor-widget-wrap elementor-element-populated\">\n\t\t\t\t\t\t<div class=\"elementor-element elementor-element-cb962b6 elementor-invisible elementor-widget elementor-widget-heading\" data-id=\"cb962b6\" data-element_type=\"widget\" data-e-type=\"widget\" data-settings=\"{&quot;_animation&quot;:&quot;fadeIn&quot;}\" data-widget_type=\"heading.default\">\n\t\t\t\t<div class=\"elementor-widget-container\">\n\t\t\t\t\t<h1 class=\"elementor-heading-title elementor-size-default\">Gira<\/h1>\t\t\t\t<\/div>\n\t\t\t\t<\/div>\n\t\t\t\t\t<\/div>\n\t\t<\/div>\n\t\t\t\t\t<\/div>\n\t\t<\/section>\n\t\t\t\t<section class=\"elementor-section elementor-top-section elementor-element elementor-element-4efe8f8d elementor-section-boxed elementor-section-height-default elementor-section-height-default\" data-id=\"4efe8f8d\" data-element_type=\"section\" data-e-type=\"section\">\n\t\t\t\t\t\t<div class=\"elementor-container elementor-column-gap-default\">\n\t\t\t\t\t<div class=\"elementor-column elementor-col-50 elementor-top-column elementor-element elementor-element-77b1c6e7\" data-id=\"77b1c6e7\" data-element_type=\"column\" data-e-type=\"column\">\n\t\t\t<div class=\"elementor-widget-wrap elementor-element-populated\">\n\t\t\t\t\t\t<div class=\"elementor-element elementor-element-5bb11a54 elementor-invisible elementor-widget elementor-widget-heading\" data-id=\"5bb11a54\" data-element_type=\"widget\" data-e-type=\"widget\" data-settings=\"{&quot;_animation&quot;:&quot;fadeInUp&quot;}\" data-widget_type=\"heading.default\">\n\t\t\t\t<div class=\"elementor-widget-container\">\n\t\t\t\t\t<h2 class=\"elementor-heading-title elementor-size-default\">Pr\u00f3ximas fechas<\/h2>\t\t\t\t<\/div>\n\t\t\t\t<\/div>\n\t\t\t\t\t<\/div>\n\t\t<\/div>\n\t\t\t\t<div class=\"elementor-column elementor-col-50 elementor-top-column elementor-element elementor-element-7da46819\" data-id=\"7da46819\" data-element_type=\"column\" data-e-type=\"column\">\n\t\t\t<div class=\"elementor-widget-wrap elementor-element-populated\">\n\t\t\t\t\t\t<div class=\"elementor-element elementor-element-d3afcaa elementor-widget elementor-widget-elementskit-accordion\" data-id=\"d3afcaa\" data-element_type=\"widget\" data-e-type=\"widget\" data-settings=\"{&quot;_animation&quot;:&quot;none&quot;}\" data-widget_type=\"elementskit-accordion.default\">\n\t\t\t\t<div class=\"elementor-widget-container\">\n\t\t\t\t\t<div class=\"ekit-wid-con\" >\n        <div class=\"elementskit-accordion accoedion-primary\" id=\"accordion-69e4c0fb85939\">\n\n            \n                <div class=\"elementskit-card active\">\n                    <div class=\"elementskit-card-header\" id=\"primaryHeading-0-d3afcaa\">\n                        <a href=\"#collapse-611392e69e4c0fb85939\" class=\"ekit-accordion--toggler elementskit-btn-link collapsed\" data-ekit-toggle=\"collapse\" data-target=\"#Collapse-611392e69e4c0fb85939\" aria-expanded=\"true\" aria-controls=\"Collapse-611392e69e4c0fb85939\">\n                            \n                            <span class=\"ekit-accordion-title\">Culleredo<\/span>\n\n                            \n                                <div class=\"ekit_accordion_icon_group\">\n                                    <div class=\"ekit_accordion_normal_icon\">\n                                        <!-- Normal Icon -->\n\t\t\t\t\t\t\t\t\t\t<i class=\"mdi mdi-arrow-bottom-right-thick\"><\/i>                                    <\/div>\n\n                                    <div class=\"ekit_accordion_active_icon\">\n                                        <!-- Active Icon -->\n\t\t\t\t\t\t\t\t\t\t<i class=\"mdi mdi-arrow-top-right-thick\"><\/i>                                    <\/div>\n                                <\/div>\n\n                            \n                                                    <\/a>\n                    <\/div>\n\n                    <div id=\"Collapse-611392e69e4c0fb85939\" class=\"show collapse\" aria-labelledby=\"primaryHeading-0-d3afcaa\" data-parent=\"#accordion-69e4c0fb85939\">\n\n                        <div class=\"elementskit-card-body ekit-accordion--content\">\n                            <p>22 de mayo<\/p><p>Edificio de Servicios M\u00faltiples de O Burgo<\/p><p>20:30 horas.<\/p>                        <\/div>\n\n                    <\/div>\n\n                <\/div><!-- .elementskit-card END -->\n\n                \n                <div class=\"elementskit-card active\">\n                    <div class=\"elementskit-card-header\" id=\"primaryHeading-1-d3afcaa\">\n                        <a href=\"#collapse-d6c047169e4c0fb85939\" class=\"ekit-accordion--toggler elementskit-btn-link collapsed\" data-ekit-toggle=\"collapse\" data-target=\"#Collapse-d6c047169e4c0fb85939\" aria-expanded=\"true\" aria-controls=\"Collapse-d6c047169e4c0fb85939\">\n                            \n                            <span class=\"ekit-accordion-title\">Silleda<\/span>\n\n                            \n                                <div class=\"ekit_accordion_icon_group\">\n                                    <div class=\"ekit_accordion_normal_icon\">\n                                        <!-- Normal Icon -->\n\t\t\t\t\t\t\t\t\t\t<i class=\"mdi mdi-arrow-bottom-right-thick\"><\/i>                                    <\/div>\n\n                                    <div class=\"ekit_accordion_active_icon\">\n                                        <!-- Active Icon -->\n\t\t\t\t\t\t\t\t\t\t<i class=\"mdi mdi-arrow-top-right-thick\"><\/i>                                    <\/div>\n                                <\/div>\n\n                            \n                                                    <\/a>\n                    <\/div>\n\n                    <div id=\"Collapse-d6c047169e4c0fb85939\" class=\"show collapse\" aria-labelledby=\"primaryHeading-1-d3afcaa\" data-parent=\"#accordion-69e4c0fb85939\">\n\n                        <div class=\"elementskit-card-body ekit-accordion--content\">\n                            <p>7 de marzo de 2027<\/p><p>Auditorio Manuel Dopazo de Bandeira<\/p><p>19:00h<\/p>                        <\/div>\n\n                    <\/div>\n\n                <\/div><!-- .elementskit-card END -->\n\n                                        <\/div>\n    <\/div>\t\t\t\t<\/div>\n\t\t\t\t<\/div>\n\t\t\t\t\t<\/div>\n\t\t<\/div>\n\t\t\t\t\t<\/div>\n\t\t<\/section>\n\t\t\t\t<section class=\"elementor-section elementor-top-section elementor-element elementor-element-52d93762 elementor-section-boxed elementor-section-height-default elementor-section-height-default\" data-id=\"52d93762\" data-element_type=\"section\" data-e-type=\"section\" data-settings=\"{&quot;background_background&quot;:&quot;classic&quot;}\">\n\t\t\t\t\t\t\t<div class=\"elementor-background-overlay\"><\/div>\n\t\t\t\t\t\t\t<div class=\"elementor-container elementor-column-gap-default\">\n\t\t\t\t\t<div class=\"elementor-column elementor-col-100 elementor-top-column elementor-element elementor-element-5441e537\" data-id=\"5441e537\" data-element_type=\"column\" data-e-type=\"column\">\n\t\t\t<div class=\"elementor-widget-wrap elementor-element-populated\">\n\t\t\t\t\t\t<div class=\"elementor-element elementor-element-4fe0e8d2 elementor-widget elementor-widget-heading\" data-id=\"4fe0e8d2\" data-element_type=\"widget\" data-e-type=\"widget\" data-widget_type=\"heading.default\">\n\t\t\t\t<div class=\"elementor-widget-container\">\n\t\t\t\t\t<h2 class=\"elementor-heading-title elementor-size-default\">Fechas pasadas<\/h2>\t\t\t\t<\/div>\n\t\t\t\t<\/div>\n\t\t\t\t<div class=\"elementor-element elementor-element-54f24f6c elementor-widget-divider--view-line elementor-widget elementor-widget-divider\" data-id=\"54f24f6c\" data-element_type=\"widget\" data-e-type=\"widget\" data-widget_type=\"divider.default\">\n\t\t\t\t<div class=\"elementor-widget-container\">\n\t\t\t\t\t\t\t<div class=\"elementor-divider\">\n\t\t\t<span class=\"elementor-divider-separator\">\n\t\t\t\t\t\t<\/span>\n\t\t<\/div>\n\t\t\t\t\t\t<\/div>\n\t\t\t\t<\/div>\n\t\t\t\t<section class=\"elementor-section elementor-inner-section elementor-element elementor-element-178e821f elementor-section-boxed elementor-section-height-default elementor-section-height-default\" data-id=\"178e821f\" data-element_type=\"section\" data-e-type=\"section\">\n\t\t\t\t\t\t<div class=\"elementor-container elementor-column-gap-default\">\n\t\t\t\t\t<div class=\"elementor-column elementor-col-50 elementor-inner-column elementor-element elementor-element-7ac9c84a elementor-invisible\" data-id=\"7ac9c84a\" data-element_type=\"column\" data-e-type=\"column\" data-settings=\"{&quot;animation&quot;:&quot;fadeInLeft&quot;}\">\n\t\t\t<div class=\"elementor-widget-wrap elementor-element-populated\">\n\t\t\t\t\t\t<div class=\"elementor-element elementor-element-44ffdae0 elementor-widget elementor-widget-elementskit-heading\" data-id=\"44ffdae0\" data-element_type=\"widget\" data-e-type=\"widget\" data-widget_type=\"elementskit-heading.default\">\n\t\t\t\t<div class=\"elementor-widget-container\">\n\t\t\t\t\t<div class=\"ekit-wid-con\" ><div class=\"ekit-heading elementskit-section-title-wraper text_center   ekit_heading_tablet-   ekit_heading_mobile-text_left\"><h2 class=\"ekit-heading--title elementskit-section-title\">Un tal Romeo<\/h2>\t\t\t\t<div class='ekit-heading__description'>\n\t\t\t\t\t<p>Lal\u00edn - Sal\u00f3n Teatro<\/p>\n<p>Oleiros - Auditorio Gabriel Garc\u00eda M\u00e1rquez de Mera<\/p>\n<p>Lugo - Auditorio Gustavo Freire<\/p>\n<p>Vigo - Sala \u00c1rtika<\/p>\n<p>Vigo - Sala \u00c1rtika<\/p>\n<p>Ourense - Teatro Principal FITO\u00a0<\/p>\n\t\t\t\t<\/div>\n\t\t\t<\/div><\/div>\t\t\t\t<\/div>\n\t\t\t\t<\/div>\n\t\t\t\t\t<\/div>\n\t\t<\/div>\n\t\t\t\t<div class=\"elementor-column elementor-col-50 elementor-inner-column elementor-element elementor-element-15bebe1d elementor-invisible\" data-id=\"15bebe1d\" data-element_type=\"column\" data-e-type=\"column\" data-settings=\"{&quot;animation&quot;:&quot;fadeInRight&quot;}\">\n\t\t\t<div class=\"elementor-widget-wrap elementor-element-populated\">\n\t\t\t\t\t\t<div class=\"elementor-element elementor-element-20b7dc50 elementor-widget elementor-widget-elementskit-heading\" data-id=\"20b7dc50\" data-element_type=\"widget\" data-e-type=\"widget\" data-widget_type=\"elementskit-heading.default\">\n\t\t\t\t<div class=\"elementor-widget-container\">\n\t\t\t\t\t<div class=\"ekit-wid-con\" ><div class=\"ekit-heading elementskit-section-title-wraper text_center   ekit_heading_tablet-   ekit_heading_mobile-text_left\"><h2 class=\"ekit-heading--title elementskit-section-title\">Mi mundo no es de este reino<\/h2>\t\t\t\t<div class='ekit-heading__description'>\n\t\t\t\t\t<p>Ourense - Auditorio<\/p>\n<p>Cambados<\/p>\n<p>Monforte de Lemos<\/p>\n<p>Neda<\/p>\n<p>Sada<\/p>\n<p>A Coru\u00f1a - Teatro Rosal\u00eda de Castro<\/p>\n<p>Ortigueira<\/p>\n<p>Riveira<\/p>\n<p>Barbad\u00e1s<\/p>\n<p>Carballo<\/p>\n<p>Ames<\/p>\n<p>Lal\u00edn<\/p>\n<p>Cedeira<\/p>\n<p>Ribadeo<\/p>\n<p>Muros<\/p>\n<p>Betanzos<\/p>\n<p>Oleiros<\/p>\n<p>Rianxo<\/p>\n<p>Carral<\/p>\n<p>Vimianzo<\/p>\n<p>Cambre<\/p>\n<p>Culleredo<\/p>\n<p>Malpica<\/p>\n<p>Pontevedra<\/p>\n<p>O Barco de Valdeorras<\/p>\n<p>Ponteareas<\/p>\n<p>Lugo<\/p>\n<p>Redondela<\/p>\n<p>Cangas<\/p>\n<p>A Estrada<\/p>\n<p>Vimianzo<\/p>\n<p>Tomi\u00f1o<\/p>\n<p>Silleda<\/p>\n<p>Vigo<\/p>\n<p>Barcelos (Portugal) Festival L\u00cdNGUA<\/p>\n\t\t\t\t<\/div>\n\t\t\t<\/div><\/div>\t\t\t\t<\/div>\n\t\t\t\t<\/div>\n\t\t\t\t\t<\/div>\n\t\t<\/div>\n\t\t\t\t\t<\/div>\n\t\t<\/section>\n\t\t\t\t\t<\/div>\n\t\t<\/div>\n\t\t\t\t\t<\/div>\n\t\t<\/section>\n\t\t\t\t<\/div>","protected":false},"excerpt":{"rendered":"<p>Xira Pr\u00f3ximas datas Culleredo 22 de maio Edificio Servicios M\u00faltiples de O Burgo 20:30h Silleda 7 de marzo de 2027 Auditorio Manuel Dopazo de Bandeira 19:00h Datas pasadas Un tal Romeo Lal\u00edn &#8211; Sal\u00f3n Teatro Oleiros &#8211; Auditorio Gabriel Garc\u00eda M\u00e1rquez de Mera Lugo &#8211; Auditorio Gustavo Freire Vigo &#8211; Sala \u00c1rtika Vigo &#8211; Sala [&hellip;]<\/p>\n","protected":false},"author":1,"featured_media":0,"parent":0,"menu_order":8,"comment_status":"closed","ping_status":"closed","template":"","meta":{"footnotes":""},"class_list":["post-437","page","type-page","status-publish","hentry"],"yoast_head":"<!-- This site is optimized with the Yoast SEO plugin v27.4 - https:\/\/yoast.com\/product\/yoast-seo-wordpress\/ -->\n<title>Gira - aRamboia<\/title>\n<meta name=\"description\" content=\"Consulta las pr\u00f3ximas fechas de aRamboia Teatro, compra entradas y repasa el hist\u00f3rico de funciones por teatros, salas y festivales.\" \/>\n<meta name=\"robots\" content=\"index, follow, max-snippet:-1, max-image-preview:large, max-video-preview:-1\" \/>\n<link rel=\"canonical\" href=\"https:\/\/www.aramboia.com\/es\/gira\/\" \/>\n<meta property=\"og:locale\" content=\"es_ES\" \/>\n<meta property=\"og:type\" content=\"article\" \/>\n<meta property=\"og:title\" content=\"Gira - aRamboia\" \/>\n<meta property=\"og:description\" content=\"Consulta las pr\u00f3ximas fechas de aRamboia Teatro, compra entradas y repasa el hist\u00f3rico de funciones por teatros, salas y festivales.\" \/>\n<meta property=\"og:url\" content=\"https:\/\/www.aramboia.com\/es\/gira\/\" \/>\n<meta property=\"og:site_name\" content=\"aRamboia\" \/>\n<meta property=\"article:publisher\" content=\"http:\/\/www.facebook.com\/TRamboia\" \/>\n<meta property=\"article:modified_time\" content=\"2026-04-12T10:29:21+00:00\" \/>\n<meta name=\"twitter:card\" content=\"summary_large_image\" \/>\n<script type=\"application\/ld+json\" class=\"yoast-schema-graph\">{\"@context\":\"https:\\\/\\\/schema.org\",\"@graph\":[{\"@type\":\"WebPage\",\"@id\":\"https:\\\/\\\/www.aramboia.com\\\/gira\\\/\",\"url\":\"https:\\\/\\\/www.aramboia.com\\\/gira\\\/\",\"name\":\"Gira - aRamboia\",\"isPartOf\":{\"@id\":\"https:\\\/\\\/www.aramboia.com\\\/#website\"},\"datePublished\":\"2025-06-02T08:45:46+00:00\",\"dateModified\":\"2026-04-12T10:29:21+00:00\",\"description\":\"Consulta las pr\u00f3ximas fechas de aRamboia Teatro, compra entradas y repasa el hist\u00f3rico de funciones por teatros, salas y festivales.\",\"breadcrumb\":{\"@id\":\"https:\\\/\\\/www.aramboia.com\\\/gira\\\/#breadcrumb\"},\"inLanguage\":\"es\",\"potentialAction\":[{\"@type\":\"ReadAction\",\"target\":[\"https:\\\/\\\/www.aramboia.com\\\/gira\\\/\"]}]},{\"@type\":\"BreadcrumbList\",\"@id\":\"https:\\\/\\\/www.aramboia.com\\\/gira\\\/#breadcrumb\",\"itemListElement\":[{\"@type\":\"ListItem\",\"position\":1,\"name\":\"Inicio\",\"item\":\"https:\\\/\\\/www.aramboia.com\\\/\"},{\"@type\":\"ListItem\",\"position\":2,\"name\":\"Gira\"}]},{\"@type\":\"WebSite\",\"@id\":\"https:\\\/\\\/www.aramboia.com\\\/#website\",\"url\":\"https:\\\/\\\/www.aramboia.com\\\/\",\"name\":\"aRamboia\",\"description\":\"\",\"publisher\":{\"@id\":\"https:\\\/\\\/www.aramboia.com\\\/#organization\"},\"potentialAction\":[{\"@type\":\"SearchAction\",\"target\":{\"@type\":\"EntryPoint\",\"urlTemplate\":\"https:\\\/\\\/www.aramboia.com\\\/?s={search_term_string}\"},\"query-input\":{\"@type\":\"PropertyValueSpecification\",\"valueRequired\":true,\"valueName\":\"search_term_string\"}}],\"inLanguage\":\"es\"},{\"@type\":\"Organization\",\"@id\":\"https:\\\/\\\/www.aramboia.com\\\/#organization\",\"name\":\"aRamboia\",\"url\":\"https:\\\/\\\/www.aramboia.com\\\/\",\"logo\":{\"@type\":\"ImageObject\",\"inLanguage\":\"es\",\"@id\":\"https:\\\/\\\/www.aramboia.com\\\/#\\\/schema\\\/logo\\\/image\\\/\",\"url\":\"https:\\\/\\\/www.aramboia.com\\\/wp-content\\\/uploads\\\/2025\\\/04\\\/Copia-de-aRamboia-e1773359661539.png\",\"contentUrl\":\"https:\\\/\\\/www.aramboia.com\\\/wp-content\\\/uploads\\\/2025\\\/04\\\/Copia-de-aRamboia-e1773359661539.png\",\"width\":426,\"height\":246,\"caption\":\"aRamboia\"},\"image\":{\"@id\":\"https:\\\/\\\/www.aramboia.com\\\/#\\\/schema\\\/logo\\\/image\\\/\"},\"sameAs\":[\"http:\\\/\\\/www.facebook.com\\\/TRamboia\",\"http:\\\/\\\/www.instagram.com\\\/a.ramboia\"]}]}<\/script>\n<!-- \/ Yoast SEO plugin. -->","yoast_head_json":{"title":"Recorrido - aRamboia","description":"Consulta las pr\u00f3ximas fechas de aRamboia Teatro, compra tus entradas y repasa el hist\u00f3rico de actuaciones por teatros, salas y festivales.","robots":{"index":"index","follow":"follow","max-snippet":"max-snippet:-1","max-image-preview":"max-image-preview:large","max-video-preview":"max-video-preview:-1"},"canonical":"https:\/\/www.aramboia.com\/es\/gira\/","og_locale":"es_ES","og_type":"article","og_title":"Gira - aRamboia","og_description":"Consulta las pr\u00f3ximas fechas de aRamboia Teatro, compra entradas y repasa el hist\u00f3rico de funciones por teatros, salas y festivales.","og_url":"https:\/\/www.aramboia.com\/es\/gira\/","og_site_name":"aRamboia","article_publisher":"http:\/\/www.facebook.com\/TRamboia","article_modified_time":"2026-04-12T10:29:21+00:00","twitter_card":"summary_large_image","schema":{"@context":"https:\/\/schema.org","@graph":[{"@type":"WebPage","@id":"https:\/\/www.aramboia.com\/gira\/","url":"https:\/\/www.aramboia.com\/gira\/","name":"Recorrido - aRamboia","isPartOf":{"@id":"https:\/\/www.aramboia.com\/#website"},"datePublished":"2025-06-02T08:45:46+00:00","dateModified":"2026-04-12T10:29:21+00:00","description":"Consulta las pr\u00f3ximas fechas de aRamboia Teatro, compra tus entradas y repasa el hist\u00f3rico de actuaciones por teatros, salas y festivales.","breadcrumb":{"@id":"https:\/\/www.aramboia.com\/gira\/#breadcrumb"},"inLanguage":"es","potentialAction":[{"@type":"ReadAction","target":["https:\/\/www.aramboia.com\/gira\/"]}]},{"@type":"BreadcrumbList","@id":"https:\/\/www.aramboia.com\/gira\/#breadcrumb","itemListElement":[{"@type":"ListItem","position":1,"name":"Inicio","item":"https:\/\/www.aramboia.com\/"},{"@type":"ListItem","position":2,"name":"Gira"}]},{"@type":"WebSite","@id":"https:\/\/www.aramboia.com\/#website","url":"https:\/\/www.aramboia.com\/","name":"a Ramboia","description":"","publisher":{"@id":"https:\/\/www.aramboia.com\/#organization"},"potentialAction":[{"@type":"SearchAction","target":{"@type":"EntryPoint","urlTemplate":"https:\/\/www.aramboia.com\/?s={search_term_string}"},"query-input":{"@type":"PropertyValueSpecification","valueRequired":true,"valueName":"search_term_string"}}],"inLanguage":"es"},{"@type":"Organization","@id":"https:\/\/www.aramboia.com\/#organization","name":"a Ramboia","url":"https:\/\/www.aramboia.com\/","logo":{"@type":"ImageObject","inLanguage":"es","@id":"https:\/\/www.aramboia.com\/#\/schema\/logo\/image\/","url":"https:\/\/www.aramboia.com\/wp-content\/uploads\/2025\/04\/Copia-de-aRamboia-e1773359661539.png","contentUrl":"https:\/\/www.aramboia.com\/wp-content\/uploads\/2025\/04\/Copia-de-aRamboia-e1773359661539.png","width":426,"height":246,"caption":"aRamboia"},"image":{"@id":"https:\/\/www.aramboia.com\/#\/schema\/logo\/image\/"},"sameAs":["http:\/\/www.facebook.com\/TRamboia","http:\/\/www.instagram.com\/a.ramboia"]}]}},"_links":{"self":[{"href":"https:\/\/www.aramboia.com\/es\/wp-json\/wp\/v2\/pages\/437","targetHints":{"allow":["GET"]}}],"collection":[{"href":"https:\/\/www.aramboia.com\/es\/wp-json\/wp\/v2\/pages"}],"about":[{"href":"https:\/\/www.aramboia.com\/es\/wp-json\/wp\/v2\/types\/page"}],"author":[{"embeddable":true,"href":"https:\/\/www.aramboia.com\/es\/wp-json\/wp\/v2\/users\/1"}],"replies":[{"embeddable":true,"href":"https:\/\/www.aramboia.com\/es\/wp-json\/wp\/v2\/comments?post=437"}],"version-history":[{"count":50,"href":"https:\/\/www.aramboia.com\/es\/wp-json\/wp\/v2\/pages\/437\/revisions"}],"predecessor-version":[{"id":1275,"href":"https:\/\/www.aramboia.com\/es\/wp-json\/wp\/v2\/pages\/437\/revisions\/1275"}],"wp:attachment":[{"href":"https:\/\/www.aramboia.com\/es\/wp-json\/wp\/v2\/media?parent=437"}],"curies":[{"name":"wp","href":"https:\/\/api.w.org\/{rel}","templated":true}]}}