{"id":435,"date":"2025-06-02T10:45:33","date_gmt":"2025-06-02T08:45:33","guid":{"rendered":"https:\/\/www.aramboia.com\/?page_id=435"},"modified":"2026-03-13T02:39:43","modified_gmt":"2026-03-13T01:39:43","slug":"espectaculos","status":"publish","type":"page","link":"https:\/\/www.aramboia.com\/es\/espectaculos\/","title":{"rendered":"Espect\u00e1culos"},"content":{"rendered":"<div data-elementor-type=\"wp-page\" data-elementor-id=\"435\" class=\"elementor elementor-435\" data-elementor-post-type=\"page\">\n\t\t\t\t\t\t<section class=\"elementor-section elementor-top-section elementor-element elementor-element-229c650e elementor-section-content-middle elementor-section-height-min-height elementor-section-boxed elementor-section-height-default elementor-section-items-middle\" data-id=\"229c650e\" data-element_type=\"section\" data-e-type=\"section\" data-settings=\"{&quot;background_background&quot;:&quot;classic&quot;}\">\n\t\t\t\t\t\t\t<div class=\"elementor-background-overlay\"><\/div>\n\t\t\t\t\t\t\t<div class=\"elementor-container elementor-column-gap-default\">\n\t\t\t\t\t<div class=\"elementor-column elementor-col-100 elementor-top-column elementor-element elementor-element-6d219e5d\" data-id=\"6d219e5d\" data-element_type=\"column\" data-e-type=\"column\">\n\t\t\t<div class=\"elementor-widget-wrap elementor-element-populated\">\n\t\t\t\t\t\t<div class=\"elementor-element elementor-element-18a24a60 elementor-invisible elementor-widget elementor-widget-heading\" data-id=\"18a24a60\" data-element_type=\"widget\" data-e-type=\"widget\" data-settings=\"{&quot;_animation&quot;:&quot;fadeIn&quot;}\" data-widget_type=\"heading.default\">\n\t\t\t\t<div class=\"elementor-widget-container\">\n\t\t\t\t\t<h1 class=\"elementor-heading-title elementor-size-default\">Espect\u00e1culos<\/h1>\t\t\t\t<\/div>\n\t\t\t\t<\/div>\n\t\t\t\t\t<\/div>\n\t\t<\/div>\n\t\t\t\t\t<\/div>\n\t\t<\/section>\n\t\t\t\t<section class=\"elementor-section elementor-top-section elementor-element elementor-element-76cc22ec elementor-section-boxed elementor-section-height-default elementor-section-height-default\" data-id=\"76cc22ec\" data-element_type=\"section\" data-e-type=\"section\">\n\t\t\t\t\t\t<div class=\"elementor-container elementor-column-gap-default\">\n\t\t\t\t\t<div class=\"elementor-column elementor-col-100 elementor-top-column elementor-element elementor-element-4e92f935\" data-id=\"4e92f935\" data-element_type=\"column\" data-e-type=\"column\">\n\t\t\t<div class=\"elementor-widget-wrap elementor-element-populated\">\n\t\t\t\t\t\t<div class=\"elementor-element elementor-element-1009018c elementor-widget elementor-widget-heading\" data-id=\"1009018c\" data-element_type=\"widget\" data-e-type=\"widget\" data-widget_type=\"heading.default\">\n\t\t\t\t<div class=\"elementor-widget-container\">\n\t\t\t\t\t<h2 class=\"elementor-heading-title elementor-size-default\">Nuestro repertorio<\/h2>\t\t\t\t<\/div>\n\t\t\t\t<\/div>\n\t\t\t\t<div class=\"elementor-element elementor-element-78124160 elementor-widget-tablet__width-initial elementor-invisible elementor-widget elementor-widget-heading\" data-id=\"78124160\" data-element_type=\"widget\" data-e-type=\"widget\" data-settings=\"{&quot;_animation&quot;:&quot;fadeInUp&quot;}\" data-widget_type=\"heading.default\">\n\t\t\t\t<div class=\"elementor-widget-container\">\n\t\t\t\t\t<h2 class=\"elementor-heading-title elementor-size-default\">Obras nacidas del presente, pensadas para permanecer<\/h2>\t\t\t\t<\/div>\n\t\t\t\t<\/div>\n\t\t\t\t<div class=\"elementor-element elementor-element-5505d5f4 elementor-widget__width-initial elementor-widget elementor-widget-text-editor\" data-id=\"5505d5f4\" data-element_type=\"widget\" data-e-type=\"widget\" data-widget_type=\"text-editor.default\">\n\t\t\t\t<div class=\"elementor-widget-container\">\n\t\t\t\t\t\t\t\t\t<p>Cada espect\u00e1culo nace de un proceso de investigaci\u00f3n art\u00edstica y humana. Exploramos diversos lenguajes esc\u00e9nicos para provocar preguntas, emocionar y compartir una experiencia viva.<\/p>\t\t\t\t\t\t\t\t<\/div>\n\t\t\t\t<\/div>\n\t\t\t\t<section class=\"elementor-section elementor-inner-section elementor-element elementor-element-588d8df1 elementor-section-boxed elementor-section-height-default elementor-section-height-default elementor-invisible\" data-id=\"588d8df1\" data-element_type=\"section\" data-e-type=\"section\" data-settings=\"{&quot;animation&quot;:&quot;fadeInUp&quot;}\">\n\t\t\t\t\t\t<div class=\"elementor-container elementor-column-gap-default\">\n\t\t\t\t\t<div class=\"elementor-column elementor-col-50 elementor-inner-column elementor-element elementor-element-5a95ed0f\" data-id=\"5a95ed0f\" data-element_type=\"column\" data-e-type=\"column\">\n\t\t\t<div class=\"elementor-widget-wrap elementor-element-populated\">\n\t\t\t\t\t\t<div class=\"elementor-element elementor-element-547b3754 elementor-cta--skin-cover elementor-animated-content elementor-widget elementor-widget-call-to-action\" data-id=\"547b3754\" data-element_type=\"widget\" data-e-type=\"widget\" data-widget_type=\"call-to-action.default\">\n\t\t\t\t<div class=\"elementor-widget-container\">\n\t\t\t\t\t\t\t<a class=\"elementor-cta\" href=\"https:\/\/www.aramboia.com\/es\/un-tal-romeo\/\">\n\t\t\t\t\t<div class=\"elementor-cta__bg-wrapper\">\n\t\t\t\t<div class=\"elementor-cta__bg elementor-bg\" style=\"background-image: url(https:\/\/www.aramboia.com\/wp-content\/uploads\/2025\/06\/Imagen-2.jpg);\" role=\"img\" aria-label=\"Un tal Romeo\"><\/div>\n\t\t\t\t<div class=\"elementor-cta__bg-overlay\"><\/div>\n\t\t\t<\/div>\n\t\t\t\t\t\t\t<div class=\"elementor-cta__content\">\n\t\t\t\t\t\t\t\t\t<div class=\"elementor-content-item elementor-cta__content-item elementor-icon-wrapper elementor-cta__icon elementor-view-default elementor-animated-item--fade-in\">\n\t\t\t\t\t\t<div class=\"elementor-icon\">\n\t\t\t\t\t\t\t<i aria-hidden=\"true\" class=\"icomoon icomoon-play2\"><\/i>\t\t\t\t\t\t<\/div>\n\t\t\t\t\t<\/div>\n\t\t\t\t\n\t\t\t\t\n\t\t\t\t\n\t\t\t\t\t\t\t<\/div>\n\t\t\t\t\t\t<\/a>\n\t\t\t\t\t\t<\/div>\n\t\t\t\t<\/div>\n\t\t\t\t<div class=\"elementor-element elementor-element-7f02a979 elementor-widget elementor-widget-elementskit-heading\" data-id=\"7f02a979\" data-element_type=\"widget\" data-e-type=\"widget\" data-widget_type=\"elementskit-heading.default\">\n\t\t\t\t<div class=\"elementor-widget-container\">\n\t\t\t\t\t<div class=\"ekit-wid-con\" ><div class=\"ekit-heading elementskit-section-title-wraper text_center   ekit_heading_tablet-   ekit_heading_mobile-\"><h2 class=\"ekit-heading--title elementskit-section-title\">Un tal Romeo<\/h2>\t\t\t\t<div class='ekit-heading__description'>\n\t\t\t\t\t<p>Contempor\u00e1neo<\/p>\n\t\t\t\t<\/div>\n\t\t\t<\/div><\/div>\t\t\t\t<\/div>\n\t\t\t\t<\/div>\n\t\t\t\t<div class=\"elementor-element elementor-element-c6d4920 elementor-widget elementor-widget-text-editor\" data-id=\"c6d4920\" data-element_type=\"widget\" data-e-type=\"widget\" data-widget_type=\"text-editor.default\">\n\t\t\t\t<div class=\"elementor-widget-container\">\n\t\t\t\t\t\t\t\t\t<div><span lang=\"gl\">Un actor se prepara para interpretar a Romeo. Revisa pasajes de la obra shakespeariana, asiste a un casting y a continuaci\u00f3n destroza a golpes el balc\u00f3n de Julieta.<\/span><\/div>\t\t\t\t\t\t\t\t<\/div>\n\t\t\t\t<\/div>\n\t\t\t\t\t<\/div>\n\t\t<\/div>\n\t\t\t\t<div class=\"elementor-column elementor-col-50 elementor-inner-column elementor-element elementor-element-4092e1f9\" data-id=\"4092e1f9\" data-element_type=\"column\" data-e-type=\"column\">\n\t\t\t<div class=\"elementor-widget-wrap elementor-element-populated\">\n\t\t\t\t\t\t<div class=\"elementor-element elementor-element-6201abaf elementor-cta--skin-cover elementor-animated-content elementor-widget elementor-widget-call-to-action\" data-id=\"6201abaf\" data-element_type=\"widget\" data-e-type=\"widget\" data-widget_type=\"call-to-action.default\">\n\t\t\t\t<div class=\"elementor-widget-container\">\n\t\t\t\t\t\t\t<a class=\"elementor-cta\" href=\"https:\/\/www.aramboia.com\/es\/o-meu-mundo\/\">\n\t\t\t\t\t<div class=\"elementor-cta__bg-wrapper\">\n\t\t\t\t<div class=\"elementor-cta__bg elementor-bg\" style=\"background-image: url(https:\/\/www.aramboia.com\/wp-content\/uploads\/2025\/06\/Imagen-1.jpg);\" role=\"img\" aria-label=\"Mi mundo no es de este Reino\"><\/div>\n\t\t\t\t<div class=\"elementor-cta__bg-overlay\"><\/div>\n\t\t\t<\/div>\n\t\t\t\t\t\t\t<div class=\"elementor-cta__content\">\n\t\t\t\t\t\t\t\t\t<div class=\"elementor-content-item elementor-cta__content-item elementor-icon-wrapper elementor-cta__icon elementor-view-default elementor-animated-item--fade-in\">\n\t\t\t\t\t\t<div class=\"elementor-icon\">\n\t\t\t\t\t\t\t<i aria-hidden=\"true\" class=\"icomoon icomoon-play2\"><\/i>\t\t\t\t\t\t<\/div>\n\t\t\t\t\t<\/div>\n\t\t\t\t\n\t\t\t\t\n\t\t\t\t\n\t\t\t\t\t\t\t<\/div>\n\t\t\t\t\t\t<\/a>\n\t\t\t\t\t\t<\/div>\n\t\t\t\t<\/div>\n\t\t\t\t<div class=\"elementor-element elementor-element-6a4b5a77 elementor-widget elementor-widget-elementskit-heading\" data-id=\"6a4b5a77\" data-element_type=\"widget\" data-e-type=\"widget\" data-widget_type=\"elementskit-heading.default\">\n\t\t\t\t<div class=\"elementor-widget-container\">\n\t\t\t\t\t<div class=\"ekit-wid-con\" ><div class=\"ekit-heading elementskit-section-title-wraper text_center   ekit_heading_tablet-   ekit_heading_mobile-\"><h2 class=\"ekit-heading--title elementskit-section-title\">Mi mundo no es de este Reino<\/h2>\t\t\t\t<div class='ekit-heading__description'>\n\t\t\t\t\t<p>Comedia<\/p>\n\t\t\t\t<\/div>\n\t\t\t<\/div><\/div>\t\t\t\t<\/div>\n\t\t\t\t<\/div>\n\t\t\t\t<div class=\"elementor-element elementor-element-f1f7aa8 elementor-widget elementor-widget-text-editor\" data-id=\"f1f7aa8\" data-element_type=\"widget\" data-e-type=\"widget\" data-widget_type=\"text-editor.default\">\n\t\t\t\t<div class=\"elementor-widget-container\">\n\t\t\t\t\t\t\t\t\t<p>Unos feriantes llegan a lo que llaman su hogar despu\u00e9s de un d\u00eda de trabajo. Son Camilo y Tom\u00e1s, dos titiriteros que representan el mismo espect\u00e1culo una y otra vez por todos los pueblos del pa\u00eds.<\/p>\t\t\t\t\t\t\t\t<\/div>\n\t\t\t\t<\/div>\n\t\t\t\t\t<\/div>\n\t\t<\/div>\n\t\t\t\t\t<\/div>\n\t\t<\/section>\n\t\t\t\t\t<\/div>\n\t\t<\/div>\n\t\t\t\t\t<\/div>\n\t\t<\/section>\n\t\t\t\t<section class=\"elementor-section elementor-top-section elementor-element elementor-element-291dabcd elementor-section-height-min-height elementor-section-boxed elementor-section-height-default elementor-section-items-middle\" data-id=\"291dabcd\" data-element_type=\"section\" data-e-type=\"section\" data-settings=\"{&quot;background_background&quot;:&quot;classic&quot;}\">\n\t\t\t\t\t\t\t<div class=\"elementor-background-overlay\"><\/div>\n\t\t\t\t\t\t\t<div class=\"elementor-container elementor-column-gap-default\">\n\t\t\t\t\t<div class=\"elementor-column elementor-col-100 elementor-top-column elementor-element elementor-element-db66517\" data-id=\"db66517\" data-element_type=\"column\" data-e-type=\"column\">\n\t\t\t<div class=\"elementor-widget-wrap\">\n\t\t\t\t\t\t\t<\/div>\n\t\t<\/div>\n\t\t\t\t\t<\/div>\n\t\t<\/section>\n\t\t\t\t<\/div>","protected":false},"excerpt":{"rendered":"<p>Espect\u00e1culos O noso repertorio Obras que nacen do presente, pensadas para permanecer Cada espect\u00e1culo nace dun proceso de investigaci\u00f3n art\u00edstica e humana. Exploramos linguaxes esc\u00e9nicas diversas para provocar preguntas, emocionar e compartir unha experiencia viva. Un tal Romeo Comtempor\u00e1neo Un actor prep\u00e1rase para interpretar o papel de Romeo. Repasa pasaxes da obra shakespeariana, asiste a [&hellip;]<\/p>\n","protected":false},"author":1,"featured_media":0,"parent":0,"menu_order":5,"comment_status":"closed","ping_status":"closed","template":"","meta":{"footnotes":""},"class_list":["post-435","page","type-page","status-publish","hentry"],"yoast_head":"<!-- This site is optimized with the Yoast SEO plugin v27.4 - https:\/\/yoast.com\/product\/yoast-seo-wordpress\/ -->\n<title>Espect\u00e1culos - aRamboia<\/title>\n<meta name=\"description\" content=\"Repertorio de aRamboia Teatro: sinopsis, fotos y fichas t\u00e9cnicas de nuestras obras. Teatro visual y comprometido que deja huella.\" \/>\n<meta name=\"robots\" content=\"index, follow, max-snippet:-1, max-image-preview:large, max-video-preview:-1\" \/>\n<link rel=\"canonical\" href=\"https:\/\/www.aramboia.com\/es\/espectaculos\/\" \/>\n<meta property=\"og:locale\" content=\"es_ES\" \/>\n<meta property=\"og:type\" content=\"article\" \/>\n<meta property=\"og:title\" content=\"Espect\u00e1culos - aRamboia\" \/>\n<meta property=\"og:description\" content=\"Repertorio de aRamboia Teatro: sinopsis, fotos y fichas t\u00e9cnicas de nuestras obras. Teatro visual y comprometido que deja huella.\" \/>\n<meta property=\"og:url\" content=\"https:\/\/www.aramboia.com\/es\/espectaculos\/\" \/>\n<meta property=\"og:site_name\" content=\"aRamboia\" \/>\n<meta property=\"article:publisher\" content=\"http:\/\/www.facebook.com\/TRamboia\" \/>\n<meta property=\"article:modified_time\" content=\"2026-03-13T01:39:43+00:00\" \/>\n<meta name=\"twitter:card\" content=\"summary_large_image\" \/>\n<script type=\"application\/ld+json\" class=\"yoast-schema-graph\">{\"@context\":\"https:\\\/\\\/schema.org\",\"@graph\":[{\"@type\":\"WebPage\",\"@id\":\"https:\\\/\\\/www.aramboia.com\\\/espectaculos\\\/\",\"url\":\"https:\\\/\\\/www.aramboia.com\\\/espectaculos\\\/\",\"name\":\"Espect\u00e1culos - aRamboia\",\"isPartOf\":{\"@id\":\"https:\\\/\\\/www.aramboia.com\\\/#website\"},\"datePublished\":\"2025-06-02T08:45:33+00:00\",\"dateModified\":\"2026-03-13T01:39:43+00:00\",\"description\":\"Repertorio de aRamboia Teatro: sinopsis, fotos y fichas t\u00e9cnicas de nuestras obras. Teatro visual y comprometido que deja huella.\",\"breadcrumb\":{\"@id\":\"https:\\\/\\\/www.aramboia.com\\\/espectaculos\\\/#breadcrumb\"},\"inLanguage\":\"es\",\"potentialAction\":[{\"@type\":\"ReadAction\",\"target\":[\"https:\\\/\\\/www.aramboia.com\\\/espectaculos\\\/\"]}]},{\"@type\":\"BreadcrumbList\",\"@id\":\"https:\\\/\\\/www.aramboia.com\\\/espectaculos\\\/#breadcrumb\",\"itemListElement\":[{\"@type\":\"ListItem\",\"position\":1,\"name\":\"Inicio\",\"item\":\"https:\\\/\\\/www.aramboia.com\\\/\"},{\"@type\":\"ListItem\",\"position\":2,\"name\":\"Espect\u00e1culos\"}]},{\"@type\":\"WebSite\",\"@id\":\"https:\\\/\\\/www.aramboia.com\\\/#website\",\"url\":\"https:\\\/\\\/www.aramboia.com\\\/\",\"name\":\"aRamboia\",\"description\":\"\",\"publisher\":{\"@id\":\"https:\\\/\\\/www.aramboia.com\\\/#organization\"},\"potentialAction\":[{\"@type\":\"SearchAction\",\"target\":{\"@type\":\"EntryPoint\",\"urlTemplate\":\"https:\\\/\\\/www.aramboia.com\\\/?s={search_term_string}\"},\"query-input\":{\"@type\":\"PropertyValueSpecification\",\"valueRequired\":true,\"valueName\":\"search_term_string\"}}],\"inLanguage\":\"es\"},{\"@type\":\"Organization\",\"@id\":\"https:\\\/\\\/www.aramboia.com\\\/#organization\",\"name\":\"aRamboia\",\"url\":\"https:\\\/\\\/www.aramboia.com\\\/\",\"logo\":{\"@type\":\"ImageObject\",\"inLanguage\":\"es\",\"@id\":\"https:\\\/\\\/www.aramboia.com\\\/#\\\/schema\\\/logo\\\/image\\\/\",\"url\":\"https:\\\/\\\/www.aramboia.com\\\/wp-content\\\/uploads\\\/2025\\\/04\\\/Copia-de-aRamboia-e1773359661539.png\",\"contentUrl\":\"https:\\\/\\\/www.aramboia.com\\\/wp-content\\\/uploads\\\/2025\\\/04\\\/Copia-de-aRamboia-e1773359661539.png\",\"width\":426,\"height\":246,\"caption\":\"aRamboia\"},\"image\":{\"@id\":\"https:\\\/\\\/www.aramboia.com\\\/#\\\/schema\\\/logo\\\/image\\\/\"},\"sameAs\":[\"http:\\\/\\\/www.facebook.com\\\/TRamboia\",\"http:\\\/\\\/www.instagram.com\\\/a.ramboia\"]}]}<\/script>\n<!-- \/ Yoast SEO plugin. -->","yoast_head_json":{"title":"Espect\u00e1culos - aRamboia","description":"Repertorio de aRamboia Teatro: sinopsis, fotos y fichas t\u00e9cnicas de nuestras obras. Teatro visual y comprometido que deja huella.","robots":{"index":"index","follow":"follow","max-snippet":"max-snippet:-1","max-image-preview":"max-image-preview:large","max-video-preview":"max-video-preview:-1"},"canonical":"https:\/\/www.aramboia.com\/es\/espectaculos\/","og_locale":"es_ES","og_type":"article","og_title":"Espect\u00e1culos - aRamboia","og_description":"Repertorio de aRamboia Teatro: sinopsis, fotos y fichas t\u00e9cnicas de nuestras obras. Teatro visual y comprometido que deja huella.","og_url":"https:\/\/www.aramboia.com\/es\/espectaculos\/","og_site_name":"aRamboia","article_publisher":"http:\/\/www.facebook.com\/TRamboia","article_modified_time":"2026-03-13T01:39:43+00:00","twitter_card":"summary_large_image","schema":{"@context":"https:\/\/schema.org","@graph":[{"@type":"WebPage","@id":"https:\/\/www.aramboia.com\/espectaculos\/","url":"https:\/\/www.aramboia.com\/espectaculos\/","name":"Espect\u00e1culos - aRamboia","isPartOf":{"@id":"https:\/\/www.aramboia.com\/#website"},"datePublished":"2025-06-02T08:45:33+00:00","dateModified":"2026-03-13T01:39:43+00:00","description":"Repertorio de aRamboia Teatro: sinopsis, fotos y fichas t\u00e9cnicas de nuestras obras. Teatro visual y comprometido que deja huella.","breadcrumb":{"@id":"https:\/\/www.aramboia.com\/espectaculos\/#breadcrumb"},"inLanguage":"es","potentialAction":[{"@type":"ReadAction","target":["https:\/\/www.aramboia.com\/espectaculos\/"]}]},{"@type":"BreadcrumbList","@id":"https:\/\/www.aramboia.com\/espectaculos\/#breadcrumb","itemListElement":[{"@type":"ListItem","position":1,"name":"Inicio","item":"https:\/\/www.aramboia.com\/"},{"@type":"ListItem","position":2,"name":"Espect\u00e1culos"}]},{"@type":"WebSite","@id":"https:\/\/www.aramboia.com\/#website","url":"https:\/\/www.aramboia.com\/","name":"a Ramboia","description":"","publisher":{"@id":"https:\/\/www.aramboia.com\/#organization"},"potentialAction":[{"@type":"SearchAction","target":{"@type":"EntryPoint","urlTemplate":"https:\/\/www.aramboia.com\/?s={search_term_string}"},"query-input":{"@type":"PropertyValueSpecification","valueRequired":true,"valueName":"search_term_string"}}],"inLanguage":"es"},{"@type":"Organization","@id":"https:\/\/www.aramboia.com\/#organization","name":"a Ramboia","url":"https:\/\/www.aramboia.com\/","logo":{"@type":"ImageObject","inLanguage":"es","@id":"https:\/\/www.aramboia.com\/#\/schema\/logo\/image\/","url":"https:\/\/www.aramboia.com\/wp-content\/uploads\/2025\/04\/Copia-de-aRamboia-e1773359661539.png","contentUrl":"https:\/\/www.aramboia.com\/wp-content\/uploads\/2025\/04\/Copia-de-aRamboia-e1773359661539.png","width":426,"height":246,"caption":"aRamboia"},"image":{"@id":"https:\/\/www.aramboia.com\/#\/schema\/logo\/image\/"},"sameAs":["http:\/\/www.facebook.com\/TRamboia","http:\/\/www.instagram.com\/a.ramboia"]}]}},"_links":{"self":[{"href":"https:\/\/www.aramboia.com\/es\/wp-json\/wp\/v2\/pages\/435","targetHints":{"allow":["GET"]}}],"collection":[{"href":"https:\/\/www.aramboia.com\/es\/wp-json\/wp\/v2\/pages"}],"about":[{"href":"https:\/\/www.aramboia.com\/es\/wp-json\/wp\/v2\/types\/page"}],"author":[{"embeddable":true,"href":"https:\/\/www.aramboia.com\/es\/wp-json\/wp\/v2\/users\/1"}],"replies":[{"embeddable":true,"href":"https:\/\/www.aramboia.com\/es\/wp-json\/wp\/v2\/comments?post=435"}],"version-history":[{"count":53,"href":"https:\/\/www.aramboia.com\/es\/wp-json\/wp\/v2\/pages\/435\/revisions"}],"predecessor-version":[{"id":1194,"href":"https:\/\/www.aramboia.com\/es\/wp-json\/wp\/v2\/pages\/435\/revisions\/1194"}],"wp:attachment":[{"href":"https:\/\/www.aramboia.com\/es\/wp-json\/wp\/v2\/media?parent=435"}],"curies":[{"name":"wp","href":"https:\/\/api.w.org\/{rel}","templated":true}]}}