{"id":35,"date":"2023-03-01T17:25:34","date_gmt":"2023-03-01T16:25:34","guid":{"rendered":"https:\/\/www.aramboia.com\/?page_id=35"},"modified":"2023-11-05T17:42:50","modified_gmt":"2023-11-05T16:42:50","slug":"politica-de-privacidad","status":"publish","type":"page","link":"https:\/\/www.aramboia.com\/es\/politica-de-privacidad\/","title":{"rendered":"Pol\u00edtica de privacidad"},"content":{"rendered":"<p>En cumplimiento de las obligaciones establecidas en la Ley Org\u00e1nica 3\/2018, de 5 de diciembre, de Protecci\u00f3n de Datos de Car\u00e1cter Personal y Garant\u00eda<span class=\"Apple-converted-space\">\u00a0<\/span>De conformidad con lo dispuesto en el art\u00edculo 10 de la Ley 34\/2002, de 11 de julio, de Servicios de la Sociedad de la Informaci\u00f3n y de Comercio Electr\u00f3nico, se le facilita la informaci\u00f3n relativa al tratamiento de sus datos personales:<\/p>\n<h2>\u00bfQui\u00e9n es el responsable del tratamiento de sus datos?<\/h2>\n<p>Titular: ANXO GARC\u00cdA FERN\u00c1NDEZ \u2013 76802669B<br \/>\nDirecci\u00f3n: R\u00faa Vista Alegre 2, 8\u00ba esq - 15005 A Coru\u00f1a<br \/>\nTel\u00e9fono: contactar por correo electr\u00f3nico<br \/>\nCorreo electr\u00f3nico: teatrodaramboia@gmail.com<br \/>\nWeb: www.aramboia.com<br \/>\n<\/p>\n<p>Para cualquier consulta, pod\u00e9is contactar con ANXO GARC\u00cdA FERN\u00c1NDEZ a trav\u00e9s de: teatrodaramboia@gmail.com<\/p>\n<p>Nuestro horario de atenci\u00f3n al cliente es de 9:00 a. m. a 9:00 p. m. de lunes a viernes y de 10:00 a. m. a 2:00 p. m. los s\u00e1bados. Puede comunicarse con nosotros por cualquier medio.<\/p>\n<p>Nos reservamos el derecho de modificar o adaptar esta Pol\u00edtica de Privacidad en cualquier momento. Le recomendamos que la revise y, si se ha registrado y accede a su cuenta o perfil, se le informar\u00e1 de los cambios.<\/p>\n<p>Si perteneces a alguno de los siguientes grupos, consulta la informaci\u00f3n:<\/p>\n<h2>CONTACTOS WEB O POR CORREO ELECTR\u00d3NICO<\/h2>\n<h3>\u00bfQu\u00e9 datos recopilamos a trav\u00e9s de la Web?<\/h3>\n<p>Podemos tratar tu IP, el sistema operativo o navegador que usas, e incluso la duraci\u00f3n de tu visita, de forma an\u00f3nima. Si nos proporcionas datos en el formulario de contacto, quedar\u00e1s identificado para que podamos contactarte si es necesario.<\/p>\n<h3>\u00bfCon qu\u00e9 finalidades vamos a tratar tus datos personales?<\/h3>\n<ul>\n<li>Responder a sus consultas, solicitudes o peticiones.<\/li>\n<li>Gestionar el servicio solicitado, contestar tu solicitud, o tramitar tu petici\u00f3n.<\/li>\n<li>Informaci\u00f3n por medios electr\u00f3nicos, respecto de su solicitud.<\/li>\n<li>Informaci\u00f3n comercial o de eventos por medios electr\u00f3nicos, siempre que exista autorizaci\u00f3n expresa.<\/li>\n<li>Realizar an\u00e1lisis y mejoras en la Web, sobre nuestros productos y servicios.<span class=\"Apple-converted-space\">\u00a0 <\/span>Mejorar nuestra estrategia comercial.<\/li>\n<\/ul>\n<h3>\u00bfCu\u00e1l es la legitimaci\u00f3n para el tratamiento de tus datos?<\/h3>\n<p>Aceptaci\u00f3n y consentimiento del interesado: En aquellos casos en que para realizar una solicitud sea necesario rellenar un formulario y hacer clic en el bot\u00f3n de env\u00edo, la cumplimentaci\u00f3n del mismo implicar\u00e1 necesariamente que ha sido informado y ha otorgado expresamente su consentimiento al contenido de la cl\u00e1usula adjunta a dicho formulario o la aceptaci\u00f3n de la pol\u00edtica de privacidad. Todos nuestros formularios tienen el s\u00edmbolo * en los datos obligatorios. Si no facilita dichos campos o no marca la casilla de aceptaci\u00f3n de la pol\u00edtica de privacidad, no se permitir\u00e1 el env\u00edo de la informaci\u00f3n. Normalmente tiene la siguiente f\u00f3rmula: \u201c\u25a1 Soy mayor de 14 a\u00f1os y he le\u00eddo y acepto la Pol\u00edtica de Privacidad\u201d.\u201c<\/p>\n<h2>CLIENTES<\/h2>\n<h3>\u00bfCon qu\u00e9 finalidades vamos a tratar tus datos personales?<\/h3>\n<ul>\n<li>Elaboraci\u00f3n del presupuesto y su seguimiento mediante comunicaciones entre ambas partes.<\/li>\n<li>Informaci\u00f3n por medios electr\u00f3nicos, respecto de su solicitud.<\/li>\n<li>Informaci\u00f3n comercial o de eventos por medios electr\u00f3nicos, siempre que exista autorizaci\u00f3n expresa.<\/li>\n<li>Gestionar los servicios administrativos, de comunicaciones y log\u00edsticos que realiza el Responsable.<\/li>\n<li>Facturaci\u00f3n y declaraci\u00f3n de impuestos correspondientes.<\/li>\n<li>Realizar las transacciones correspondientes.<\/li>\n<li>Gesti\u00f3n de control y recuperaci\u00f3n.<\/li>\n<\/ul>\n<h2>PROVEEDORES<\/h2>\n<h3>\u00bfCon qu\u00e9 finalidades vamos a tratar tus datos personales?<\/h3>\n<ul>\n<li>Informaci\u00f3n por medios electr\u00f3nicos, respecto de su solicitud.<\/li>\n<li>Informaci\u00f3n comercial o de eventos por medios electr\u00f3nicos, siempre que exista autorizaci\u00f3n expresa.<\/li>\n<li>Gestionar los servicios administrativos, de comunicaciones y log\u00edsticos que realiza el Responsable.<\/li>\n<li>Facturaci\u00f3n.<\/li>\n<li>Realizar las transacciones correspondientes.<\/li>\n<li>Facturaci\u00f3n y declaraci\u00f3n de los impuestos correspondientes.<\/li>\n<li>Gesti\u00f3n de control y recuperaci\u00f3n.<\/li>\n<\/ul>\n<h3>\u00bfCu\u00e1l es la legitimaci\u00f3n para el tratamiento de tus datos?<\/h3>\n<p>La base legal es la aceptaci\u00f3n de una relaci\u00f3n contractual, o en su defecto su consentimiento al contactar con nosotros u ofrecernos sus productos de alguna forma.<\/p>\n<h2>CONTACTOS REDES SOCIALES<\/h2>\n<h3>\u00bfCon qu\u00e9 finalidades vamos a tratar tus datos personales?<\/h3>\n<ul>\n<li>Responder a sus consultas, solicitudes<span class=\"Apple-converted-space\">\u00a0 <\/span>o solicitudes.<\/li>\n<li>Gestionar el servicio solicitado, contestar tu solicitud, o tramitar tu petici\u00f3n.<\/li>\n<li>Conecta contigo y crea una comunidad de seguidores.<\/li>\n<\/ul>\n<h3>\u00bfCu\u00e1l es la legitimaci\u00f3n para el tratamiento de tus datos?<\/h3>\n<p>La aceptaci\u00f3n de una relaci\u00f3n contractual en el entorno de la red social correspondiente, y de conformidad con sus pol\u00edticas de Privacidad:<\/p>\n<ul>\n<li>Facebook <a href=\"http:\/\/www.facebook.com\/policy.php?ref=pf#_blank\">http:\/\/www.facebook.com\/policy.php?ref=pf<\/a><\/li>\n<li>Instagram <a href=\"https:\/\/help.instagram.com\/155833707900388#_blank\">https:\/\/help.instagram.com\/155833707900388<\/a><\/li>\n<li>Gorjeo\u00a0<a href=\"http:\/\/twitter.com\/privacy#_blank\">http:\/\/twitter.com\/privacy<\/a><\/li>\n<li>Pinterest <a href=\"https:\/\/about.pinterest.com\/es\/privacy-policy#_blank\">https:\/\/about.pinterest.com\/es\/privacy-policy<\/a><\/li>\n<li>Google* <a href=\"http:\/\/www.google.com\/intl\/es\/policies\/privacy\/#_blank\">http:\/\/www.google.com\/intl\/es\/policies\/privacy\/<\/a> *(Google+ y YouTube)<\/li>\n<\/ul>\n<h3>\u00bfDurante cu\u00e1nto tiempo conservaremos los datos personales?<\/h3>\n<p>Solo podemos consultar o dar de baja tus datos de forma restringida si tienes un perfil espec\u00edfico. Los trataremos mientras nos permitas seguirnos, siendo amigos o d\u00e1ndoles a &quot;Me gusta&quot;, &quot;Seguir&quot; o botones similares. Cualquier rectificaci\u00f3n de tus datos o restricci\u00f3n de informaci\u00f3n o publicaciones debe realizarse a trav\u00e9s de la configuraci\u00f3n de tu perfil o usuario en la propia red social.<\/p>\n<h2>\u00bfIncluimos datos personales de terceros?<\/h2>\n<p>No, como norma general s\u00f3lo tratamos los datos que nos facilitan los titulares. s\u00ed<span class=\"Apple-converted-space\">\u00a0<\/span>Si nos facilitas datos de terceros, deber\u00e1s informarles y solicitarles su consentimiento previamente, de lo contrario nos eximes de cualquier responsabilidad por el incumplimiento de este requisito.<\/p>\n<h3>\u00bfY los datos de los menores?<\/h3>\n<p>No tratamos datos de menores de 14 a\u00f1os. Por lo tanto, abst\u00e9ngase de proporcionarlos si no tiene esa edad o, en su caso, de proporcionar datos de terceros que no tengan dicha edad. ANXO GARC\u00cdA FERN\u00c1NDEZ queda exonerado de cualquier responsabilidad por el incumplimiento de esta disposici\u00f3n.<\/p>\n<h2>\u00bfHaremos comunicaciones por medios electr\u00f3nicos?<\/h2>\n<ul>\n<li>S\u00f3lo se realizar\u00e1n para gestionar tu solicitud, si eres uno de los medios de contacto que nos has facilitado.<\/li>\n<li>Si realizamos comunicaciones comerciales habr\u00e1n sido previa y expresamente<span class=\"Apple-converted-space\">\u00a0 <\/span>autorizado por usted.<\/li>\n<\/ul>\n<h2>\u00bfQu\u00e9 medidas de seguridad aplicamos?<\/h2>\n<p>Puede estar tranquilo: Hemos adoptado un nivel \u00f3ptimo de protecci\u00f3n de los Datos Personales que manejamos, y hemos instalado todos los medios y medidas t\u00e9cnicas a nuestra disposici\u00f3n seg\u00fan el estado de la tecnolog\u00eda para evitar la p\u00e9rdida, mal uso, alteraci\u00f3n, acceso no autorizado y robo de los Datos Personales.<\/p>\n<h2>\u00bfA qu\u00e9 destinatarios se comunicar\u00e1n sus datos?<\/h2>\n<p>Sus datos no se ceder\u00e1n a terceros, salvo obligaci\u00f3n legal. En particular, se notificar\u00e1 a la Agencia Estatal de Administraci\u00f3n Tributaria, a los bancos y entidades financieras para el cobro del servicio prestado o del producto adquirido, as\u00ed como a los responsables del tratamiento necesario para la ejecuci\u00f3n del contrato. En caso de compra o pago, si elige alguna aplicaci\u00f3n, sitio web, plataforma, tarjeta bancaria o cualquier otro servicio online, sus datos se transferir\u00e1n a dicha plataforma o se tratar\u00e1n en su entorno, siempre con la m\u00e1xima seguridad. Cuando lo solicitemos, la empresa de desarrollo y mantenimiento web, o la empresa de hosting, tendr\u00e1 acceso a nuestro sitio web. Estas empresas habr\u00e1n firmado un contrato de prestaci\u00f3n de servicios que les obliga a mantener el mismo nivel de privacidad que nosotros.<\/p>\n<p>Cualquier transferencia internacional de datos al utilizar aplicaciones estadounidenses contar\u00e1 con las garant\u00edas adecuadas exigidas por el RGPD, que garantiza que las empresas de software estadounidense cumplen las pol\u00edticas europeas de protecci\u00f3n de datos en materia de privacidad.<\/p>\n<h2>\u00bfQu\u00e9 derechos tienes?<\/h2>\n<ul>\n<li>Para saber si estamos tratando tus datos o no.<\/li>\n<li>Para acceder a sus datos personales.<\/li>\n<li>A solicitar la rectificaci\u00f3n de sus datos si son inexactos.<\/li>\n<li>A solicitar la supresi\u00f3n de tus datos si ya no son necesarios para los fines para los que fueron recogidos o si retiras el consentimiento otorgado.<\/li>\n<li>A solicitar la limitaci\u00f3n del tratamiento de sus datos, en algunos supuestos, en cuyo caso s\u00f3lo los conservaremos de acuerdo con la normativa vigente.<\/li>\n<li>Para gestionar sus datos, que le ser\u00e1n facilitados en un formato estructurado, de uso com\u00fan o legible por m\u00e1quina. Si lo prefiere, podemos envi\u00e1rselos al nuevo responsable que usted designe. Esto solo es v\u00e1lido en determinados casos.<\/li>\n<li>A presentar una reclamaci\u00f3n ante la Agencia Espa\u00f1ola de Protecci\u00f3n de Datos o la autoridad de control competente, si considera que no le hemos atendido correctamente.<\/li>\n<li>A revocar el consentimiento para cualquier tratamiento para el que haya consentido, en cualquier momento.<\/li>\n<\/ul>\n<p>Si modifica alg\u00fan dato le agradecer\u00edamos que nos lo hiciera saber para mantenerlos actualizados.<\/p>\n<h3>\u00bfQuieres un formulario para el ejercicio de Derechos?<\/h3>\n<ul>\n<li>Disponemos de formularios para ejercer tus derechos, solic\u00edtanoslos<span class=\"Apple-converted-space\">\u00a0 <\/span>correo electr\u00f3nico o si lo prefieres puedes utilizar los elaborados por la Agencia Espa\u00f1ola de Protecci\u00f3n de Datos o terceros.<\/li>\n<li>Estos formularios deber\u00e1n ser firmados electr\u00f3nicamente o ir acompa\u00f1ados de fotocopia del DNI.<\/li>\n<li>Si te representa alguien, deber\u00e1s adjuntar copia de su DNI, que firmar\u00e1 con su firma electr\u00f3nica.<\/li>\n<li>Los formularios pueden presentarse personalmente, enviarse por carta o por correo electr\u00f3nico a la direcci\u00f3n del responsable que figura al inicio de este texto.<\/li>\n<\/ul>\n<h3>\u00bfCu\u00e1nto tiempo tardamos en responder al Ejercicio de Derechos?<\/h3>\n<p>Depende de la ley, pero m\u00e1ximo un mes desde tu solicitud, y dos meses si el tema es muy complejo y te notificamos que necesitamos m\u00e1s tiempo.<\/p>\n<h2>\u00bfUtilizamos cookies?<\/h2>\n<p>Si utilizamos otros tipos de cookies que no sean las necesarias, puedes consultar la pol\u00edtica de cookies en el enlace correspondiente desde el inicio de nuestra web.<\/p>\n<h2>\u00bfDurante cu\u00e1nto tiempo conservaremos sus datos personales?<\/h2>\n<ul>\n<li>Los datos personales se mantendr\u00e1n mientras usted permanezca conectado con nosotros.<\/li>\n<li>Una vez realizada la baja, los datos personales tratados en cada finalidad se conservar\u00e1n durante los plazos previstos por la ley, incluido el plazo en el que un juez o tribunal los pueda requerir atendiendo al plazo de prescripci\u00f3n de acciones judiciales.<\/li>\n<li>Los datos tratados se conservar\u00e1n en tanto no expiren los plazos legales aludidos anteriormente, si hubiera obligaci\u00f3n legal de mantenimiento, o de no existir ese plazo legal, hasta que el interesado solicite su supresi\u00f3n o revoque el consentimiento otorgado.<\/li>\n<li>Mantendremos toda la informaci\u00f3n y comunicaciones relativas a tu compra o a la prestaci\u00f3n de nuestro servicio, mientras duren las garant\u00edas de los productos o servicios, para atender posibles reclamaciones.<\/li>\n<\/ul>","protected":false},"excerpt":{"rendered":"<p>En cumplimiento de las obligaciones establecidas en la Ley Org\u00e1nica 3\/2018, de 5 de diciembre, de Protecci\u00f3n de Datos Personales y Garant\u00eda\u00a0de los Derechos Digitales y del art\u00edculo 10 de la Ley 34\/2002, de 11 de julio, de Servicios de la Sociedad de la Informaci\u00f3n y Comercio Electr\u00f3nico, se le facilita la informaci\u00f3n relativa al [&hellip;]<\/p>\n","protected":false},"author":1,"featured_media":0,"parent":0,"menu_order":10,"comment_status":"closed","ping_status":"closed","template":"","meta":{"footnotes":""},"class_list":["post-35","page","type-page","status-publish","hentry"],"yoast_head":"<!-- This site is optimized with the Yoast SEO plugin v27.4 - https:\/\/yoast.com\/product\/yoast-seo-wordpress\/ -->\n<title>Pol\u00edtica de privacidad - aRamboia<\/title>\n<meta name=\"description\" content=\"Pol\u00edtica de privacidad de aRamboia\" \/>\n<meta name=\"robots\" content=\"index, follow, max-snippet:-1, max-image-preview:large, max-video-preview:-1\" \/>\n<link rel=\"canonical\" href=\"https:\/\/www.aramboia.com\/es\/politica-de-privacidad\/\" \/>\n<meta property=\"og:locale\" content=\"es_ES\" \/>\n<meta property=\"og:type\" content=\"article\" \/>\n<meta property=\"og:title\" content=\"Pol\u00edtica de privacidad - aRamboia\" \/>\n<meta property=\"og:description\" content=\"Pol\u00edtica de privacidad de aRamboia\" \/>\n<meta property=\"og:url\" content=\"https:\/\/www.aramboia.com\/es\/politica-de-privacidad\/\" \/>\n<meta property=\"og:site_name\" content=\"aRamboia\" \/>\n<meta property=\"article:publisher\" content=\"http:\/\/www.facebook.com\/TRamboia\" \/>\n<meta property=\"article:modified_time\" content=\"2023-11-05T16:42:50+00:00\" \/>\n<meta name=\"twitter:card\" content=\"summary_large_image\" \/>\n<script type=\"application\/ld+json\" class=\"yoast-schema-graph\">{\"@context\":\"https:\\\/\\\/schema.org\",\"@graph\":[{\"@type\":\"WebPage\",\"@id\":\"https:\\\/\\\/www.aramboia.com\\\/politica-de-privacidad\\\/\",\"url\":\"https:\\\/\\\/www.aramboia.com\\\/politica-de-privacidad\\\/\",\"name\":\"Pol\u00edtica de privacidad - aRamboia\",\"isPartOf\":{\"@id\":\"https:\\\/\\\/www.aramboia.com\\\/#website\"},\"datePublished\":\"2023-03-01T16:25:34+00:00\",\"dateModified\":\"2023-11-05T16:42:50+00:00\",\"description\":\"Pol\u00edtica de privacidad de aRamboia\",\"breadcrumb\":{\"@id\":\"https:\\\/\\\/www.aramboia.com\\\/politica-de-privacidad\\\/#breadcrumb\"},\"inLanguage\":\"es\",\"potentialAction\":[{\"@type\":\"ReadAction\",\"target\":[\"https:\\\/\\\/www.aramboia.com\\\/politica-de-privacidad\\\/\"]}]},{\"@type\":\"BreadcrumbList\",\"@id\":\"https:\\\/\\\/www.aramboia.com\\\/politica-de-privacidad\\\/#breadcrumb\",\"itemListElement\":[{\"@type\":\"ListItem\",\"position\":1,\"name\":\"Inicio\",\"item\":\"https:\\\/\\\/www.aramboia.com\\\/\"},{\"@type\":\"ListItem\",\"position\":2,\"name\":\"Pol\u00edtica de privacidad\"}]},{\"@type\":\"WebSite\",\"@id\":\"https:\\\/\\\/www.aramboia.com\\\/#website\",\"url\":\"https:\\\/\\\/www.aramboia.com\\\/\",\"name\":\"aRamboia\",\"description\":\"\",\"publisher\":{\"@id\":\"https:\\\/\\\/www.aramboia.com\\\/#organization\"},\"potentialAction\":[{\"@type\":\"SearchAction\",\"target\":{\"@type\":\"EntryPoint\",\"urlTemplate\":\"https:\\\/\\\/www.aramboia.com\\\/?s={search_term_string}\"},\"query-input\":{\"@type\":\"PropertyValueSpecification\",\"valueRequired\":true,\"valueName\":\"search_term_string\"}}],\"inLanguage\":\"es\"},{\"@type\":\"Organization\",\"@id\":\"https:\\\/\\\/www.aramboia.com\\\/#organization\",\"name\":\"aRamboia\",\"url\":\"https:\\\/\\\/www.aramboia.com\\\/\",\"logo\":{\"@type\":\"ImageObject\",\"inLanguage\":\"es\",\"@id\":\"https:\\\/\\\/www.aramboia.com\\\/#\\\/schema\\\/logo\\\/image\\\/\",\"url\":\"https:\\\/\\\/www.aramboia.com\\\/wp-content\\\/uploads\\\/2025\\\/04\\\/Copia-de-aRamboia-e1773359661539.png\",\"contentUrl\":\"https:\\\/\\\/www.aramboia.com\\\/wp-content\\\/uploads\\\/2025\\\/04\\\/Copia-de-aRamboia-e1773359661539.png\",\"width\":426,\"height\":246,\"caption\":\"aRamboia\"},\"image\":{\"@id\":\"https:\\\/\\\/www.aramboia.com\\\/#\\\/schema\\\/logo\\\/image\\\/\"},\"sameAs\":[\"http:\\\/\\\/www.facebook.com\\\/TRamboia\",\"http:\\\/\\\/www.instagram.com\\\/a.ramboia\"]}]}<\/script>\n<!-- \/ Yoast SEO plugin. -->","yoast_head_json":{"title":"Pol\u00edtica de privacidad - aRamboia","description":"Pol\u00edtica de privacidad de aRamboia","robots":{"index":"index","follow":"follow","max-snippet":"max-snippet:-1","max-image-preview":"max-image-preview:large","max-video-preview":"max-video-preview:-1"},"canonical":"https:\/\/www.aramboia.com\/es\/politica-de-privacidad\/","og_locale":"es_ES","og_type":"article","og_title":"Pol\u00edtica de privacidad - aRamboia","og_description":"Pol\u00edtica de privacidad de aRamboia","og_url":"https:\/\/www.aramboia.com\/es\/politica-de-privacidad\/","og_site_name":"aRamboia","article_publisher":"http:\/\/www.facebook.com\/TRamboia","article_modified_time":"2023-11-05T16:42:50+00:00","twitter_card":"summary_large_image","schema":{"@context":"https:\/\/schema.org","@graph":[{"@type":"WebPage","@id":"https:\/\/www.aramboia.com\/politica-de-privacidad\/","url":"https:\/\/www.aramboia.com\/politica-de-privacidad\/","name":"Pol\u00edtica de privacidad - aRamboia","isPartOf":{"@id":"https:\/\/www.aramboia.com\/#website"},"datePublished":"2023-03-01T16:25:34+00:00","dateModified":"2023-11-05T16:42:50+00:00","description":"Pol\u00edtica de privacidad de aRamboia","breadcrumb":{"@id":"https:\/\/www.aramboia.com\/politica-de-privacidad\/#breadcrumb"},"inLanguage":"es","potentialAction":[{"@type":"ReadAction","target":["https:\/\/www.aramboia.com\/politica-de-privacidad\/"]}]},{"@type":"BreadcrumbList","@id":"https:\/\/www.aramboia.com\/politica-de-privacidad\/#breadcrumb","itemListElement":[{"@type":"ListItem","position":1,"name":"Inicio","item":"https:\/\/www.aramboia.com\/"},{"@type":"ListItem","position":2,"name":"Pol\u00edtica de privacidad"}]},{"@type":"WebSite","@id":"https:\/\/www.aramboia.com\/#website","url":"https:\/\/www.aramboia.com\/","name":"a Ramboia","description":"","publisher":{"@id":"https:\/\/www.aramboia.com\/#organization"},"potentialAction":[{"@type":"SearchAction","target":{"@type":"EntryPoint","urlTemplate":"https:\/\/www.aramboia.com\/?s={search_term_string}"},"query-input":{"@type":"PropertyValueSpecification","valueRequired":true,"valueName":"search_term_string"}}],"inLanguage":"es"},{"@type":"Organization","@id":"https:\/\/www.aramboia.com\/#organization","name":"a Ramboia","url":"https:\/\/www.aramboia.com\/","logo":{"@type":"ImageObject","inLanguage":"es","@id":"https:\/\/www.aramboia.com\/#\/schema\/logo\/image\/","url":"https:\/\/www.aramboia.com\/wp-content\/uploads\/2025\/04\/Copia-de-aRamboia-e1773359661539.png","contentUrl":"https:\/\/www.aramboia.com\/wp-content\/uploads\/2025\/04\/Copia-de-aRamboia-e1773359661539.png","width":426,"height":246,"caption":"aRamboia"},"image":{"@id":"https:\/\/www.aramboia.com\/#\/schema\/logo\/image\/"},"sameAs":["http:\/\/www.facebook.com\/TRamboia","http:\/\/www.instagram.com\/a.ramboia"]}]}},"_links":{"self":[{"href":"https:\/\/www.aramboia.com\/es\/wp-json\/wp\/v2\/pages\/35","targetHints":{"allow":["GET"]}}],"collection":[{"href":"https:\/\/www.aramboia.com\/es\/wp-json\/wp\/v2\/pages"}],"about":[{"href":"https:\/\/www.aramboia.com\/es\/wp-json\/wp\/v2\/types\/page"}],"author":[{"embeddable":true,"href":"https:\/\/www.aramboia.com\/es\/wp-json\/wp\/v2\/users\/1"}],"replies":[{"embeddable":true,"href":"https:\/\/www.aramboia.com\/es\/wp-json\/wp\/v2\/comments?post=35"}],"version-history":[{"count":1,"href":"https:\/\/www.aramboia.com\/es\/wp-json\/wp\/v2\/pages\/35\/revisions"}],"predecessor-version":[{"id":398,"href":"https:\/\/www.aramboia.com\/es\/wp-json\/wp\/v2\/pages\/35\/revisions\/398"}],"wp:attachment":[{"href":"https:\/\/www.aramboia.com\/es\/wp-json\/wp\/v2\/media?parent=35"}],"curies":[{"name":"wp","href":"https:\/\/api.w.org\/{rel}","templated":true}]}}